{"id":135,"date":"2024-09-29T12:35:42","date_gmt":"2024-09-29T12:35:42","guid":{"rendered":"https:\/\/transpoland.com\/?page_id=135"},"modified":"2024-11-10T10:45:20","modified_gmt":"2024-11-10T10:45:20","slug":"oferta","status":"publish","type":"page","link":"https:\/\/transpoland.com\/en\/oferta\/","title":{"rendered":"Offer"},"content":{"rendered":"<div data-elementor-type=\"wp-page\" data-elementor-id=\"135\" class=\"elementor elementor-135\" data-elementor-post-type=\"page\">\n\t\t\t\t<div class=\"elementor-element elementor-element-e4ab095 e-flex e-con-boxed e-con e-parent\" data-id=\"e4ab095\" data-element_type=\"container\">\n\t\t\t\t\t<div class=\"e-con-inner\">\n\t\t\t\t<div class=\"elementor-element elementor-element-a3d7c73 elementor-widget elementor-widget-heading\" data-id=\"a3d7c73\" data-element_type=\"widget\" data-settings=\"{&quot;ekit_we_effect_on&quot;:&quot;none&quot;}\" data-widget_type=\"heading.default\">\n\t\t\t\t<div class=\"elementor-widget-container\">\n\t\t\t<h2 class=\"elementor-heading-title elementor-size-default\">OFFER<\/h2>\t\t<\/div>\n\t\t\t\t<\/div>\n\t\t\t\t<div class=\"elementor-element elementor-element-3def06f elementor-widget-divider--view-line elementor-widget elementor-widget-divider\" data-id=\"3def06f\" data-element_type=\"widget\" data-settings=\"{&quot;ekit_we_effect_on&quot;:&quot;none&quot;}\" data-widget_type=\"divider.default\">\n\t\t\t\t<div class=\"elementor-widget-container\">\n\t\t\t\t\t<div class=\"elementor-divider\">\n\t\t\t<span class=\"elementor-divider-separator\">\n\t\t\t\t\t\t<\/span>\n\t\t<\/div>\n\t\t\t\t<\/div>\n\t\t\t\t<\/div>\n\t\t\t\t<div class=\"elementor-element elementor-element-6608023 elementor-widget elementor-widget-text-editor\" data-id=\"6608023\" data-element_type=\"widget\" data-settings=\"{&quot;ekit_we_effect_on&quot;:&quot;none&quot;}\" data-widget_type=\"text-editor.default\">\n\t\t\t\t<div class=\"elementor-widget-container\">\n\t\t\t\t\t\t\t<p>According to the principle \u201ctime is money \u2026 save both,\u201d we have specialized in express transportation of consignments in Europe, and in particular on routes to Spain and Portugal. To meet the requirements of customers, our trucks have a diverse payload, volume and bodywork.<\/p><p>We have carrier civil liability insurance in international traffic for a guarantee sum of USD 250,000, thanks to which every consignment transported with our means of transport is secured in accordance with the CMS convention.<\/p><p>If you need any transport, please call or email us and we will try to help you and execute your order and meet your expectations. The transport services offered by TRANS POLAND are subject to an individual valuation, depending on the type and size of the transported goods and the distance to the destination. In order to obtain detailed information about the services, as well as the valuation of the order, please contact us by phone or email. Our team will quickly and efficiently take over the order, and our drivers with many years of experience in transportiion in Europe will securely deliver your cargo always on time.<\/p><p>Our drivers know the principles of securing the cargo and comply with the regulations, so you can rest assured of the timeliness and security of your order. We provide transport services in the EU, in particular we specialize in routes to Spain and Portugal<\/p>\t\t\t\t\t\t<\/div>\n\t\t\t\t<\/div>\n\t\t\t\t\t<\/div>\n\t\t\t\t<\/div>\n\t\t\t\t<\/div>","protected":false},"excerpt":{"rendered":"<p>OFERTA W my\u015bl zasady \u201eczas to pieni\u0105dz\u2026 oszcz\u0119dzaj jedno i drugie\u201d wyspecjalizowali\u015bmy si\u0119 w ekspresowym transporcie przesy\u0142ek na terenie Europy, a w szczeg\u00f3lno\u015bci na trasach do Hiszpanii oraz Portugalii. Aby sprosta\u0107 wymaganiom Klien\u00f3w nasze samochody posiadaj\u0105 zr\u00f3\u017cnicowan\u0105 \u0142adowno\u015b\u0107, obj\u0119to\u015b\u0107 oraz zabudow\u0119 nadwozi. Posiadamy ubezpieczenie OC przewo\u017anika w ruchu mi\u0119dzynarodowym na sum\u0119 gwarancyjn\u0105 250 000 USD, [&hellip;]<\/p>","protected":false},"author":1,"featured_media":0,"parent":0,"menu_order":0,"comment_status":"closed","ping_status":"closed","template":"elementor_header_footer","meta":{"footnotes":""},"class_list":["post-135","page","type-page","status-publish","hentry"],"_links":{"self":[{"href":"https:\/\/transpoland.com\/en\/wp-json\/wp\/v2\/pages\/135"}],"collection":[{"href":"https:\/\/transpoland.com\/en\/wp-json\/wp\/v2\/pages"}],"about":[{"href":"https:\/\/transpoland.com\/en\/wp-json\/wp\/v2\/types\/page"}],"author":[{"embeddable":true,"href":"https:\/\/transpoland.com\/en\/wp-json\/wp\/v2\/users\/1"}],"replies":[{"embeddable":true,"href":"https:\/\/transpoland.com\/en\/wp-json\/wp\/v2\/comments?post=135"}],"version-history":[{"count":11,"href":"https:\/\/transpoland.com\/en\/wp-json\/wp\/v2\/pages\/135\/revisions"}],"predecessor-version":[{"id":494,"href":"https:\/\/transpoland.com\/en\/wp-json\/wp\/v2\/pages\/135\/revisions\/494"}],"wp:attachment":[{"href":"https:\/\/transpoland.com\/en\/wp-json\/wp\/v2\/media?parent=135"}],"curies":[{"name":"wp","href":"https:\/\/api.w.org\/{rel}","templated":true}]}}