{"id":148,"date":"2024-09-29T12:41:02","date_gmt":"2024-09-29T12:41:02","guid":{"rendered":"https:\/\/transpoland.com\/?page_id=148"},"modified":"2024-11-15T06:59:28","modified_gmt":"2024-11-15T06:59:28","slug":"o-nas","status":"publish","type":"page","link":"https:\/\/transpoland.com\/en\/o-nas\/","title":{"rendered":"About us"},"content":{"rendered":"<div data-elementor-type=\"wp-page\" data-elementor-id=\"148\" class=\"elementor elementor-148\" data-elementor-post-type=\"page\">\n\t\t\t\t<div class=\"elementor-element elementor-element-68e1d45 e-flex e-con-boxed e-con e-parent\" data-id=\"68e1d45\" data-element_type=\"container\">\n\t\t\t\t\t<div class=\"e-con-inner\">\n\t\t\t\t<div class=\"elementor-element elementor-element-32a10e2 elementor-widget elementor-widget-elementskit-breadcrumb\" data-id=\"32a10e2\" data-element_type=\"widget\" data-settings=\"{&quot;ekit_we_effect_on&quot;:&quot;none&quot;}\" data-widget_type=\"elementskit-breadcrumb.default\">\n\t\t\t\t<div class=\"elementor-widget-container\">\n\t\t\t<div class=\"ekit-wid-con\" ><ol class=\"ekit-breadcrumb\"><li class=\"ekit_breadcrumbs_start\"><a href=\"https:\/\/transpoland.com\/en\/\">Home<\/a><\/li> <li class=\"brd_sep\"> &raquo; <\/li>  <li>About us<\/li><\/ol><\/div>\t\t<\/div>\n\t\t\t\t<\/div>\n\t\t\t\t\t<\/div>\n\t\t\t\t<\/div>\n\t\t<div class=\"elementor-element elementor-element-94a0af0 e-flex e-con-boxed e-con e-parent\" data-id=\"94a0af0\" data-element_type=\"container\" data-settings=\"{&quot;background_background&quot;:&quot;classic&quot;}\">\n\t\t\t\t\t<div class=\"e-con-inner\">\n\t\t\t\t\t<\/div>\n\t\t\t\t<\/div>\n\t\t<div class=\"elementor-element elementor-element-8271e88 e-flex e-con-boxed e-con e-parent\" data-id=\"8271e88\" data-element_type=\"container\">\n\t\t\t\t\t<div class=\"e-con-inner\">\n\t\t\t\t<div class=\"elementor-element elementor-element-1afb05c elementor-widget elementor-widget-heading\" data-id=\"1afb05c\" data-element_type=\"widget\" data-settings=\"{&quot;ekit_we_effect_on&quot;:&quot;none&quot;}\" data-widget_type=\"heading.default\">\n\t\t\t\t<div class=\"elementor-widget-container\">\n\t\t\t<h2 class=\"elementor-heading-title elementor-size-default\">ABOUT US<\/h2>\t\t<\/div>\n\t\t\t\t<\/div>\n\t\t\t\t<div class=\"elementor-element elementor-element-47cae1b elementor-widget-divider--view-line elementor-widget elementor-widget-divider\" data-id=\"47cae1b\" data-element_type=\"widget\" data-settings=\"{&quot;ekit_we_effect_on&quot;:&quot;none&quot;}\" data-widget_type=\"divider.default\">\n\t\t\t\t<div class=\"elementor-widget-container\">\n\t\t\t\t\t<div class=\"elementor-divider\">\n\t\t\t<span class=\"elementor-divider-separator\">\n\t\t\t\t\t\t<\/span>\n\t\t<\/div>\n\t\t\t\t<\/div>\n\t\t\t\t<\/div>\n\t\t\t\t\t<\/div>\n\t\t\t\t<\/div>\n\t\t<div class=\"elementor-element elementor-element-fa21554 e-con-full e-flex e-con e-parent\" data-id=\"fa21554\" data-element_type=\"container\">\n\t\t<div class=\"elementor-element elementor-element-56497e5 e-flex e-con-boxed e-con e-child\" data-id=\"56497e5\" data-element_type=\"container\">\n\t\t\t\t\t<div class=\"e-con-inner\">\n\t\t\t\t<div class=\"elementor-element elementor-element-e44a447 elementor-position-left elementor-vertical-align-middle elementor-widget elementor-widget-image-box\" data-id=\"e44a447\" data-element_type=\"widget\" data-settings=\"{&quot;ekit_we_effect_on&quot;:&quot;none&quot;}\" data-widget_type=\"image-box.default\">\n\t\t\t\t<div class=\"elementor-widget-container\">\n\t\t\t<div class=\"elementor-image-box-wrapper\"><figure class=\"elementor-image-box-img\"><img decoding=\"async\" width=\"96\" height=\"96\" src=\"https:\/\/transpoland.com\/wp-content\/uploads\/2024\/11\/wielkosc-przedsiebiorstwa.webp\" class=\"attachment-full size-full wp-image-430\" alt=\"\" srcset=\"https:\/\/transpoland.com\/wp-content\/uploads\/2024\/11\/wielkosc-przedsiebiorstwa.webp 96w, https:\/\/transpoland.com\/wp-content\/uploads\/2024\/11\/wielkosc-przedsiebiorstwa-12x12.webp 12w\" sizes=\"(max-width: 96px) 100vw, 96px\" \/><\/figure><div class=\"elementor-image-box-content\"><h3 class=\"elementor-image-box-title\">COMPANY SIZE AND GEOGRAPHICAL SCOPE<\/h3><p class=\"elementor-image-box-description\">The main office of the company is in \u017byrard\u00f3w, in central Poland. This enables cooperation with Business Partners from the western and eastern parts of the continent. Our transport services are mainly targeted at the Iberian Peninsula on the Poland \u2013 Spain \/ Portugal \u2013 Poland transport routes.<\/p><\/div><\/div>\t\t<\/div>\n\t\t\t\t<\/div>\n\t\t\t\t\t<\/div>\n\t\t\t\t<\/div>\n\t\t<div class=\"elementor-element elementor-element-110518e e-flex e-con-boxed e-con e-child\" data-id=\"110518e\" data-element_type=\"container\">\n\t\t\t\t\t<div class=\"e-con-inner\">\n\t\t\t\t<div class=\"elementor-element elementor-element-d386050 elementor-position-left elementor-vertical-align-middle elementor-widget elementor-widget-image-box\" data-id=\"d386050\" data-element_type=\"widget\" data-settings=\"{&quot;ekit_we_effect_on&quot;:&quot;none&quot;}\" data-widget_type=\"image-box.default\">\n\t\t\t\t<div class=\"elementor-widget-container\">\n\t\t\t<div class=\"elementor-image-box-wrapper\"><figure class=\"elementor-image-box-img\"><img decoding=\"async\" width=\"96\" height=\"96\" src=\"https:\/\/transpoland.com\/wp-content\/uploads\/2024\/11\/liczba-posiadanych.webp\" class=\"attachment-full size-full wp-image-431\" alt=\"\" srcset=\"https:\/\/transpoland.com\/wp-content\/uploads\/2024\/11\/liczba-posiadanych.webp 96w, https:\/\/transpoland.com\/wp-content\/uploads\/2024\/11\/liczba-posiadanych-12x12.webp 12w\" sizes=\"(max-width: 96px) 100vw, 96px\" \/><\/figure><div class=\"elementor-image-box-content\"><h3 class=\"elementor-image-box-title\">Fleet<\/h3><p class=\"elementor-image-box-description\">Currently, our company has 150 transport units. Modern fleet and security are our priorities. Every year we are modernizing the fleet and every 4 years we replace our trucks with the new ones.<\/p><\/div><\/div>\t\t<\/div>\n\t\t\t\t<\/div>\n\t\t\t\t\t<\/div>\n\t\t\t\t<\/div>\n\t\t<div class=\"elementor-element elementor-element-2514e7e e-flex e-con-boxed e-con e-child\" data-id=\"2514e7e\" data-element_type=\"container\">\n\t\t\t\t\t<div class=\"e-con-inner\">\n\t\t\t\t<div class=\"elementor-element elementor-element-5244dca elementor-position-left elementor-vertical-align-middle elementor-widget elementor-widget-image-box\" data-id=\"5244dca\" data-element_type=\"widget\" data-settings=\"{&quot;ekit_we_effect_on&quot;:&quot;none&quot;}\" data-widget_type=\"image-box.default\">\n\t\t\t\t<div class=\"elementor-widget-container\">\n\t\t\t<div class=\"elementor-image-box-wrapper\"><figure class=\"elementor-image-box-img\"><img decoding=\"async\" width=\"96\" height=\"96\" src=\"https:\/\/transpoland.com\/wp-content\/uploads\/2024\/11\/liczba-posiadanych.webp\" class=\"attachment-full size-full wp-image-431\" alt=\"\" srcset=\"https:\/\/transpoland.com\/wp-content\/uploads\/2024\/11\/liczba-posiadanych.webp 96w, https:\/\/transpoland.com\/wp-content\/uploads\/2024\/11\/liczba-posiadanych-12x12.webp 12w\" sizes=\"(max-width: 96px) 100vw, 96px\" \/><\/figure><div class=\"elementor-image-box-content\"><h3 class=\"elementor-image-box-title\">TYPE OF USED TRAILER EQUIPMENT: BOX, XL CERTIFICATES, DOUBLE DRIVER STAFF<\/h3><p class=\"elementor-image-box-description\">Trans Poland has a total of 150 transport units with transport licenses in Poland and in the world. Our fleet consists of the following units:\n<ul>\n \t<li>truck with a SCHMITZ semi-trailer with a load capacity of 94m<sup>3<\/sup><\/li>\n \t<li>truck with a SCHMITZ MEGA semi-trailer with a load capacity of 100m<sup>3<\/sup><\/li>\n \t<li>truck with a trailer with a capacity of 118 \u2013 120m<sup>3<\/sup><\/li>\n<\/ul>\nRegardless of whether all trucks \/ trailers are owned or outsourced, all vehicles, trailers and semi-trailers are the property of Bianco Logistic Group.\n<ul>\n \t<li>ci\u0119\u017car\u00f3wka z naczep\u0105 SCHMITZ o \u0142adowno\u015bci 94m<sup>3<\/sup><\/li>\n \t<li>ci\u0119\u017car\u00f3wka z naczep\u0105 SCHMITZ MEGA o \u0142adowno\u015bci 100m<sup>3<\/sup><\/li>\n \t<li>ci\u0119\u017car\u00f3wka z przyczep\u0105 o pojemno\u015bci 118 \u2013 120m<sup>3<\/sup><\/li>\n<\/ul>\nNiezale\u017cnie od tego, czy wszystkie ci\u0119\u017car\u00f3wki \/ przyczepy s\u0105 w\u0142asno\u015bci\u0105 i podlegaj\u0105 outsourcingowi, wszystkie pojazdy, przyczepy i naczepy s\u0105 w\u0142asno\u015bci\u0105 Bianco Logistic Group.<\/p><\/div><\/div>\t\t<\/div>\n\t\t\t\t<\/div>\n\t\t\t\t\t<\/div>\n\t\t\t\t<\/div>\n\t\t\t\t<\/div>\n\t\t<div class=\"elementor-element elementor-element-0e5ed33 e-con-full e-flex e-con e-parent\" data-id=\"0e5ed33\" data-element_type=\"container\">\n\t\t<div class=\"elementor-element elementor-element-2145625 e-flex e-con-boxed e-con e-child\" data-id=\"2145625\" data-element_type=\"container\">\n\t\t\t\t\t<div class=\"e-con-inner\">\n\t\t\t\t<div class=\"elementor-element elementor-element-edc2138 elementor-position-left elementor-vertical-align-middle elementor-widget elementor-widget-image-box\" data-id=\"edc2138\" data-element_type=\"widget\" data-settings=\"{&quot;ekit_we_effect_on&quot;:&quot;none&quot;}\" data-widget_type=\"image-box.default\">\n\t\t\t\t<div class=\"elementor-widget-container\">\n\t\t\t<div class=\"elementor-image-box-wrapper\"><figure class=\"elementor-image-box-img\"><img decoding=\"async\" width=\"96\" height=\"96\" src=\"https:\/\/transpoland.com\/wp-content\/uploads\/2024\/11\/technologia-gps.webp\" class=\"attachment-full size-full wp-image-436\" alt=\"\" srcset=\"https:\/\/transpoland.com\/wp-content\/uploads\/2024\/11\/technologia-gps.webp 96w, https:\/\/transpoland.com\/wp-content\/uploads\/2024\/11\/technologia-gps-12x12.webp 12w\" sizes=\"(max-width: 96px) 100vw, 96px\" \/><\/figure><div class=\"elementor-image-box-content\"><h3 class=\"elementor-image-box-title\">GPS TECHNOLOGY<\/h3><p class=\"elementor-image-box-description\">Our vehicles are equipped with an intelligent GPS system from TOMTOM Telematics and GBOX from INELO, which enables constant contact with controllers and control of the current position of the vehicle and cargo. Customer service 24 hours a day, 7 days a week, combined with an experienced team of employees allows us to face the biggest challenges.<\/p><\/div><\/div>\t\t<\/div>\n\t\t\t\t<\/div>\n\t\t\t\t\t<\/div>\n\t\t\t\t<\/div>\n\t\t<div class=\"elementor-element elementor-element-e164fe5 e-flex e-con-boxed e-con e-child\" data-id=\"e164fe5\" data-element_type=\"container\">\n\t\t\t\t\t<div class=\"e-con-inner\">\n\t\t\t\t<div class=\"elementor-element elementor-element-d2eb45b elementor-position-left elementor-vertical-align-middle elementor-widget elementor-widget-image-box\" data-id=\"d2eb45b\" data-element_type=\"widget\" data-settings=\"{&quot;ekit_we_effect_on&quot;:&quot;none&quot;}\" data-widget_type=\"image-box.default\">\n\t\t\t\t<div class=\"elementor-widget-container\">\n\t\t\t<div class=\"elementor-image-box-wrapper\"><figure class=\"elementor-image-box-img\"><img loading=\"lazy\" decoding=\"async\" width=\"96\" height=\"96\" src=\"https:\/\/transpoland.com\/wp-content\/uploads\/2024\/11\/wydajnosc.webp\" class=\"attachment-full size-full wp-image-437\" alt=\"\" srcset=\"https:\/\/transpoland.com\/wp-content\/uploads\/2024\/11\/wydajnosc.webp 96w, https:\/\/transpoland.com\/wp-content\/uploads\/2024\/11\/wydajnosc-12x12.webp 12w\" sizes=\"(max-width: 96px) 100vw, 96px\" \/><\/figure><div class=\"elementor-image-box-content\"><h3 class=\"elementor-image-box-title\">EFFICIENCY OF SERVICES<\/h3><p class=\"elementor-image-box-description\">Our results are measured in criteria such as punctuality and the fastest transport time. KPI from our key Business Pratners is 99%.<\/p><\/div><\/div>\t\t<\/div>\n\t\t\t\t<\/div>\n\t\t\t\t\t<\/div>\n\t\t\t\t<\/div>\n\t\t<div class=\"elementor-element elementor-element-1aea085 e-flex e-con-boxed e-con e-child\" data-id=\"1aea085\" data-element_type=\"container\">\n\t\t\t\t\t<div class=\"e-con-inner\">\n\t\t\t\t<div class=\"elementor-element elementor-element-9142d6b elementor-position-left elementor-vertical-align-middle elementor-widget elementor-widget-image-box\" data-id=\"9142d6b\" data-element_type=\"widget\" data-settings=\"{&quot;ekit_we_effect_on&quot;:&quot;none&quot;}\" data-widget_type=\"image-box.default\">\n\t\t\t\t<div class=\"elementor-widget-container\">\n\t\t\t<div class=\"elementor-image-box-wrapper\"><figure class=\"elementor-image-box-img\"><img decoding=\"async\" width=\"96\" height=\"96\" src=\"https:\/\/transpoland.com\/wp-content\/uploads\/2024\/11\/liczba-posiadanych.webp\" class=\"attachment-full size-full wp-image-431\" alt=\"\" srcset=\"https:\/\/transpoland.com\/wp-content\/uploads\/2024\/11\/liczba-posiadanych.webp 96w, https:\/\/transpoland.com\/wp-content\/uploads\/2024\/11\/liczba-posiadanych-12x12.webp 12w\" sizes=\"(max-width: 96px) 100vw, 96px\" \/><\/figure><div class=\"elementor-image-box-content\"><h3 class=\"elementor-image-box-title\">KEY BENEFITS IN SERVICED DESTINATIONS<\/h3><p class=\"elementor-image-box-description\">Due to fixed routes in the regions of Alovera, Guadalajara, Zaragoza, Valencia and Barcelona, the main direction of our destinations is the Spanish and Portuguese market. We work on these routes all year round, therefore we are able to provide vehicles of the highest quality on an ongoing basis (approximately 80 vehicles in the listed locations).<\/p><\/div><\/div>\t\t<\/div>\n\t\t\t\t<\/div>\n\t\t\t\t\t<\/div>\n\t\t\t\t<\/div>\n\t\t<div class=\"elementor-element elementor-element-1d7a622 e-flex e-con-boxed e-con e-child\" data-id=\"1d7a622\" data-element_type=\"container\">\n\t\t\t\t\t<div class=\"e-con-inner\">\n\t\t\t\t<div class=\"elementor-element elementor-element-87cd0bb elementor-position-left elementor-vertical-align-middle elementor-widget elementor-widget-image-box\" data-id=\"87cd0bb\" data-element_type=\"widget\" data-settings=\"{&quot;ekit_we_effect_on&quot;:&quot;none&quot;}\" data-widget_type=\"image-box.default\">\n\t\t\t\t<div class=\"elementor-widget-container\">\n\t\t\t<div class=\"elementor-image-box-wrapper\"><figure class=\"elementor-image-box-img\"><img loading=\"lazy\" decoding=\"async\" width=\"96\" height=\"96\" src=\"https:\/\/transpoland.com\/wp-content\/uploads\/2024\/11\/wsparcie.webp\" class=\"attachment-full size-full wp-image-438\" alt=\"\" srcset=\"https:\/\/transpoland.com\/wp-content\/uploads\/2024\/11\/wsparcie.webp 96w, https:\/\/transpoland.com\/wp-content\/uploads\/2024\/11\/wsparcie-12x12.webp 12w\" sizes=\"(max-width: 96px) 100vw, 96px\" \/><\/figure><div class=\"elementor-image-box-content\"><h3 class=\"elementor-image-box-title\">SUPPORT AND STRUCTURE OF OPERATIONS<\/h3><p class=\"elementor-image-box-description\">Our trucks have double driver staff, thanks to which cargo is safely transported and quickly delivered to the destination without unnecessary delays. Drivers are always in touch with our team, which monitors their progress 24h \/ 7, designates secured parking spaces and is able to provide current information to the Customer.<\/p><\/div><\/div>\t\t<\/div>\n\t\t\t\t<\/div>\n\t\t\t\t\t<\/div>\n\t\t\t\t<\/div>\n\t\t<div class=\"elementor-element elementor-element-c5da5b8 e-flex e-con-boxed e-con e-child\" data-id=\"c5da5b8\" data-element_type=\"container\">\n\t\t\t\t\t<div class=\"e-con-inner\">\n\t\t\t\t<div class=\"elementor-element elementor-element-4a98574 elementor-position-left elementor-vertical-align-middle elementor-widget elementor-widget-image-box\" data-id=\"4a98574\" data-element_type=\"widget\" data-settings=\"{&quot;ekit_we_effect_on&quot;:&quot;none&quot;}\" data-widget_type=\"image-box.default\">\n\t\t\t\t<div class=\"elementor-widget-container\">\n\t\t\t<div class=\"elementor-image-box-wrapper\"><figure class=\"elementor-image-box-img\"><img loading=\"lazy\" decoding=\"async\" width=\"96\" height=\"96\" src=\"https:\/\/transpoland.com\/wp-content\/uploads\/2024\/11\/wskaznik-dyspozytorow.webp\" class=\"attachment-full size-full wp-image-439\" alt=\"\" srcset=\"https:\/\/transpoland.com\/wp-content\/uploads\/2024\/11\/wskaznik-dyspozytorow.webp 96w, https:\/\/transpoland.com\/wp-content\/uploads\/2024\/11\/wskaznik-dyspozytorow-12x12.webp 12w\" sizes=\"(max-width: 96px) 100vw, 96px\" \/><\/figure><div class=\"elementor-image-box-content\"><h3 class=\"elementor-image-box-title\">24H \/ 7 CUSTOMER SERVICE, IT SUPPORT<\/h3><p class=\"elementor-image-box-description\">At Trans Poland, one team member takes care of around 20 vehicles. We provide 24-hour service and support for our clients by designating a dedicated team member for customer service. IT support is implemented by external companies.\n<\/p><\/div><\/div>\t\t<\/div>\n\t\t\t\t<\/div>\n\t\t\t\t\t<\/div>\n\t\t\t\t<\/div>\n\t\t\t\t<\/div>\n\t\t\t\t<\/div>","protected":false},"excerpt":{"rendered":"<p>Home O NAS Wielko\u015b\u0107 przedsi\u0119biorstwa i zasi\u0119g geograficzny G\u0142\u00f3wna siedziba firmy znajduj\u0119 si\u0119 w \u017byrardowie, w centralnej Polsce. Umo\u017cliwia to wsp\u00f3\u0142prac\u0119 z Partnerami Biznesowymi z zachodniej i wschodniej cz\u0119\u015bci kontynentu. Nasze us\u0142ugi transportowe skierowane s\u0105 g\u0142\u00f3wnie na P\u00f3\u0142wysep Iberyjski na liniach transportowych Polska \u2013 Hiszpania\/Portugalia \u2013 Polska. Flota Obecnie nasza firma posiada 150 jednostek transportowych. [&hellip;]<\/p>","protected":false},"author":1,"featured_media":0,"parent":0,"menu_order":0,"comment_status":"closed","ping_status":"closed","template":"elementor_header_footer","meta":{"footnotes":""},"class_list":["post-148","page","type-page","status-publish","hentry"],"_links":{"self":[{"href":"https:\/\/transpoland.com\/en\/wp-json\/wp\/v2\/pages\/148"}],"collection":[{"href":"https:\/\/transpoland.com\/en\/wp-json\/wp\/v2\/pages"}],"about":[{"href":"https:\/\/transpoland.com\/en\/wp-json\/wp\/v2\/types\/page"}],"author":[{"embeddable":true,"href":"https:\/\/transpoland.com\/en\/wp-json\/wp\/v2\/users\/1"}],"replies":[{"embeddable":true,"href":"https:\/\/transpoland.com\/en\/wp-json\/wp\/v2\/comments?post=148"}],"version-history":[{"count":26,"href":"https:\/\/transpoland.com\/en\/wp-json\/wp\/v2\/pages\/148\/revisions"}],"predecessor-version":[{"id":611,"href":"https:\/\/transpoland.com\/en\/wp-json\/wp\/v2\/pages\/148\/revisions\/611"}],"wp:attachment":[{"href":"https:\/\/transpoland.com\/en\/wp-json\/wp\/v2\/media?parent=148"}],"curies":[{"name":"wp","href":"https:\/\/api.w.org\/{rel}","templated":true}]}}