{"id":72,"date":"2024-09-29T12:10:33","date_gmt":"2024-09-29T12:10:33","guid":{"rendered":"https:\/\/transpoland.com\/?page_id=72"},"modified":"2024-11-15T07:13:35","modified_gmt":"2024-11-15T07:13:35","slug":"nasza-firma","status":"publish","type":"page","link":"https:\/\/transpoland.com\/en\/nasza-firma\/","title":{"rendered":"Nasza firma"},"content":{"rendered":"<div data-elementor-type=\"wp-page\" data-elementor-id=\"72\" class=\"elementor elementor-72\" data-elementor-post-type=\"page\">\n\t\t\t\t<div class=\"elementor-element elementor-element-d4efb92 e-con-full e-flex e-con e-parent\" data-id=\"d4efb92\" data-element_type=\"container\" data-settings=\"{&quot;background_background&quot;:&quot;classic&quot;}\">\n\t\t<div class=\"elementor-element elementor-element-ccbbcf0 e-con-full e-flex e-con e-child\" data-id=\"ccbbcf0\" data-element_type=\"container\">\n\t\t\t\t<div class=\"elementor-element elementor-element-712388d elementor-widget elementor-widget-image\" data-id=\"712388d\" data-element_type=\"widget\" data-settings=\"{&quot;ekit_we_effect_on&quot;:&quot;none&quot;}\" data-widget_type=\"image.default\">\n\t\t\t\t<div class=\"elementor-widget-container\">\n\t\t\t\t\t\t\t\t\t\t\t\t\t<img fetchpriority=\"high\" decoding=\"async\" width=\"800\" height=\"569\" src=\"https:\/\/transpoland.com\/wp-content\/uploads\/2024\/11\/translogo5.jpg\" class=\"attachment-large size-large wp-image-549\" alt=\"\" srcset=\"https:\/\/transpoland.com\/wp-content\/uploads\/2024\/11\/translogo5.jpg 837w, https:\/\/transpoland.com\/wp-content\/uploads\/2024\/11\/translogo5-300x213.jpg 300w, https:\/\/transpoland.com\/wp-content\/uploads\/2024\/11\/translogo5-768x546.jpg 768w, https:\/\/transpoland.com\/wp-content\/uploads\/2024\/11\/translogo5-18x12.jpg 18w\" sizes=\"(max-width: 800px) 100vw, 800px\" \/>\t\t\t\t\t\t\t\t\t\t\t\t\t<\/div>\n\t\t\t\t<\/div>\n\t\t\t\t<\/div>\n\t\t<div class=\"elementor-element elementor-element-e0fe10b e-con-full e-flex e-con e-child\" data-id=\"e0fe10b\" data-element_type=\"container\" data-settings=\"{&quot;background_background&quot;:&quot;classic&quot;}\">\n\t\t\t\t<div class=\"elementor-element elementor-element-b777464 elementor-widget elementor-widget-heading\" data-id=\"b777464\" data-element_type=\"widget\" data-settings=\"{&quot;ekit_we_effect_on&quot;:&quot;none&quot;}\" data-widget_type=\"heading.default\">\n\t\t\t\t<div class=\"elementor-widget-container\">\n\t\t\t<h2 class=\"elementor-heading-title elementor-size-default\">MEET Trans Poland<\/h2>\t\t<\/div>\n\t\t\t\t<\/div>\n\t\t\t\t<div class=\"elementor-element elementor-element-7970341 elementor-widget elementor-widget-text-editor\" data-id=\"7970341\" data-element_type=\"widget\" data-settings=\"{&quot;ekit_we_effect_on&quot;:&quot;none&quot;}\" data-widget_type=\"text-editor.default\">\n\t\t\t\t<div class=\"elementor-widget-container\">\n\t\t\t\t\t\t\t<p>Since 2003, we have been constantly working on the success of our Clients. International transport is the basis of our business. We specialize in transport on Poland \u2013 Spain \/ Portugal \u2013 Poland routes.<\/p><p>Currently, we have 150 transport units . Modern fleet and security are our priorities. Every year we modernize the fleet, and every four years we replace our trucks.<\/p><p class=\"spaced-bottom\">We guarantee the highest quality of services to our regular business partners in the automotive industry, with white goods and brown goods. Our KPI from key clients is 99%.<\/p><p>What distinguishes us is our several years of experience, excellent work organization, timeliness, responsibility and highly qualified employees.<\/p>\t\t\t\t\t\t<\/div>\n\t\t\t\t<\/div>\n\t\t\t\t<\/div>\n\t\t\t\t<\/div>\n\t\t<div class=\"elementor-element elementor-element-a8eee94 e-flex e-con-boxed e-con e-parent\" data-id=\"a8eee94\" data-element_type=\"container\">\n\t\t\t\t\t<div class=\"e-con-inner\">\n\t\t\t\t<div class=\"elementor-element elementor-element-06af0a7 elementor-widget elementor-widget-heading\" data-id=\"06af0a7\" data-element_type=\"widget\" data-settings=\"{&quot;ekit_we_effect_on&quot;:&quot;none&quot;}\" data-widget_type=\"heading.default\">\n\t\t\t\t<div class=\"elementor-widget-container\">\n\t\t\t<h2 class=\"elementor-heading-title elementor-size-default\">Our history<\/h2>\t\t<\/div>\n\t\t\t\t<\/div>\n\t\t\t\t\t<\/div>\n\t\t\t\t<\/div>\n\t\t<div class=\"elementor-element elementor-element-0992033 e-flex e-con-boxed e-con e-parent\" data-id=\"0992033\" data-element_type=\"container\">\n\t\t\t\t\t<div class=\"e-con-inner\">\n\t\t<div class=\"elementor-element elementor-element-ac273eb e-con-full elementor-hidden-tablet elementor-hidden-mobile e-flex e-con e-child\" data-id=\"ac273eb\" data-element_type=\"container\">\n\t\t\t\t<div class=\"elementor-element elementor-element-ee905eb elementor-widget elementor-widget-image\" data-id=\"ee905eb\" data-element_type=\"widget\" data-settings=\"{&quot;ekit_we_effect_on&quot;:&quot;none&quot;}\" data-widget_type=\"image.default\">\n\t\t\t\t<div class=\"elementor-widget-container\">\n\t\t\t\t\t\t\t\t\t\t\t\t\t<img decoding=\"async\" width=\"130\" height=\"125\" src=\"https:\/\/transpoland.com\/wp-content\/uploads\/2024\/11\/historia-firmy-kopia-1.png\" class=\"attachment-large size-large wp-image-612\" alt=\"\" srcset=\"https:\/\/transpoland.com\/wp-content\/uploads\/2024\/11\/historia-firmy-kopia-1.png 130w, https:\/\/transpoland.com\/wp-content\/uploads\/2024\/11\/historia-firmy-kopia-1-12x12.png 12w\" sizes=\"(max-width: 130px) 100vw, 130px\" \/>\t\t\t\t\t\t\t\t\t\t\t\t\t<\/div>\n\t\t\t\t<\/div>\n\t\t\t\t<\/div>\n\t\t<div class=\"elementor-element elementor-element-12a8676 e-con-full e-flex e-con e-child\" data-id=\"12a8676\" data-element_type=\"container\">\n\t\t\t\t<div class=\"elementor-element elementor-element-20b95c5 elementor-widget elementor-widget-text-editor\" data-id=\"20b95c5\" data-element_type=\"widget\" data-settings=\"{&quot;ekit_we_effect_on&quot;:&quot;none&quot;}\" data-widget_type=\"text-editor.default\">\n\t\t\t\t<div class=\"elementor-widget-container\">\n\t\t\t\t\t\t\t<p class=\"red bold reset-pad\"><span style=\"color: #ca1f27;\"><strong>50 w\u0142asnych jednostek transportowych<\/strong><\/span><\/p><p class=\"black\">From the beginning, we have all the required ratings and licenses. We focus on the success of our company and our Business Partners. To meet your expectations, we offer a wide range of service packages for transport and forwarding.<\/p><p class=\"black\">An unquestionable advantage is dynamic development, which is also accompanied by the development of our Business Partners and mutual support in all difficult decision-making processes.<\/p><p class=\"black\">Trans Poland means speed, reliability, high flexibility, a modern fleet and, and of course, dedicated staff. All these elements are necessary to meet the expectations of a rapidly growing transport market. We use modern tools, thanks to which our customers are always aware of what is happening with their goods and we provide transport information in a quick and transparent way.<\/p>\t\t\t\t\t\t<\/div>\n\t\t\t\t<\/div>\n\t\t\t\t<\/div>\n\t\t\t\t\t<\/div>\n\t\t\t\t<\/div>\n\t\t<div class=\"elementor-element elementor-element-f9e45ca e-flex e-con-boxed e-con e-parent\" data-id=\"f9e45ca\" data-element_type=\"container\">\n\t\t\t\t\t<div class=\"e-con-inner\">\n\t\t<div class=\"elementor-element elementor-element-63c1b7d e-con-full elementor-hidden-tablet elementor-hidden-mobile e-flex e-con e-child\" data-id=\"63c1b7d\" data-element_type=\"container\">\n\t\t\t\t<div class=\"elementor-element elementor-element-efeed6e elementor-widget elementor-widget-image\" data-id=\"efeed6e\" data-element_type=\"widget\" data-settings=\"{&quot;ekit_we_effect_on&quot;:&quot;none&quot;}\" data-widget_type=\"image.default\">\n\t\t\t\t<div class=\"elementor-widget-container\">\n\t\t\t\t\t\t\t\t\t\t\t\t\t<img decoding=\"async\" width=\"96\" height=\"96\" src=\"https:\/\/transpoland.com\/wp-content\/uploads\/2024\/11\/struktura-organizacyjna.webp\" class=\"attachment-large size-large wp-image-463\" alt=\"\" srcset=\"https:\/\/transpoland.com\/wp-content\/uploads\/2024\/11\/struktura-organizacyjna.webp 96w, https:\/\/transpoland.com\/wp-content\/uploads\/2024\/11\/struktura-organizacyjna-12x12.webp 12w\" sizes=\"(max-width: 96px) 100vw, 96px\" \/>\t\t\t\t\t\t\t\t\t\t\t\t\t<\/div>\n\t\t\t\t<\/div>\n\t\t\t\t<\/div>\n\t\t<div class=\"elementor-element elementor-element-1651fb3 e-con-full e-flex e-con e-child\" data-id=\"1651fb3\" data-element_type=\"container\">\n\t\t\t\t<div class=\"elementor-element elementor-element-3e99c38 elementor-widget elementor-widget-text-editor\" data-id=\"3e99c38\" data-element_type=\"widget\" data-settings=\"{&quot;ekit_we_effect_on&quot;:&quot;none&quot;}\" data-widget_type=\"text-editor.default\">\n\t\t\t\t<div class=\"elementor-widget-container\">\n\t\t\t\t\t\t\t<h3><strong>ORGANIZATIONAL STRUCTURE<\/strong><\/h3><p>Zesp\u00f3\u0142 logistyczny Trans Poland jest zaanga\u017cowany w ka\u017cde zlecenie transportowe. Nic nie jest niemo\u017cliwe \u2013 nasz\u0105 zasad\u0105 jest elastyczno\u015b\u0107, solidno\u015b\u0107 i terminowo\u015b\u0107 wdro\u017cenia, co daje gwarancj\u0119 bezpiecze\u0144stwa towar\u00f3w i terminowo\u015bci dostaw. Dla nas TRANSPOLAND to nie tylko praca \u2013 to pasja do rozwoju naszej firmy, to empatia dla naszych klient\u00f3w w ka\u017cdym dniu ich \u017cycia biznesowego. Skupiamy si\u0119 tak\u017ce na sukcesie ka\u017cdej nowej inwestycji.<\/p><p>For all of us who are part of Trans Poland Company \u2013 regardless of the position we hold \u2013 work means a huge challenge, but also satisfaction with what we do. Every day we deal with the challenges of the modern world of logistics. A team of hundreds of employees focuses on the daily implementation of tasks. We make sure that our team is highly qualified, that\u2019s why we take part in regular trainings, thanks to which we provide our services at the highest level.<\/p><p>Nasza firma ma w\u0142asn\u0105 baz\u0119 wyposa\u017con\u0105 w warsztaty naprawcze i urz\u0105dzenia do mycia samochod\u00f3w ci\u0119\u017carowych w centralnej cz\u0119\u015bci Polski. Dzi\u0119ki temu mo\u017cemy systematycznie przeprowadza\u0107 kontrole ci\u0119\u017car\u00f3wek w celu zminimalizowania ryzyka niesprawno\u015bci pojazd\u00f3w. Wszystkie procesy decyzyjne podejmowane s\u0105 z naszego biura w \u017byrardowie, zlokalizowanego pomi\u0119dzy \u0141odzi\u0105 a Warszaw\u0105.<\/p><p>Z zaanga\u017cowaniem realizujemy nasze zadania, poniewa\u017c nic nie nap\u0119dza nas tak bardzo jak sukces i satysfakcja naszych Klient\u00f3w. Pozytywne rekomendacje od firm, z kt\u00f3rymi wsp\u00f3\u0142pracujemy potwierdzaj\u0105 jako\u015b\u0107 naszej pracy. Nie ma nic bardziej stymuluj\u0105cego do dzia\u0142ania.<\/p>\t\t\t\t\t\t<\/div>\n\t\t\t\t<\/div>\n\t\t\t\t<\/div>\n\t\t\t\t\t<\/div>\n\t\t\t\t<\/div>\n\t\t<div class=\"elementor-element elementor-element-19391fa elementor-hidden-desktop elementor-hidden-tablet elementor-hidden-mobile e-flex e-con-boxed e-con e-parent\" data-id=\"19391fa\" data-element_type=\"container\">\n\t\t\t\t\t<div class=\"e-con-inner\">\n\t\t<div class=\"elementor-element elementor-element-5466038 e-con-full elementor-hidden-tablet elementor-hidden-mobile e-flex e-con e-child\" data-id=\"5466038\" data-element_type=\"container\">\n\t\t\t\t<div class=\"elementor-element elementor-element-c8957b0 elementor-widget elementor-widget-image\" data-id=\"c8957b0\" data-element_type=\"widget\" data-settings=\"{&quot;ekit_we_effect_on&quot;:&quot;none&quot;}\" data-widget_type=\"image.default\">\n\t\t\t\t<div class=\"elementor-widget-container\">\n\t\t\t\t\t\t\t\t\t\t\t\t\t<img decoding=\"async\" width=\"130\" height=\"125\" src=\"https:\/\/transpoland.com\/wp-content\/uploads\/2024\/11\/historia-firmy-kopia-1.png\" class=\"attachment-large size-large wp-image-612\" alt=\"\" srcset=\"https:\/\/transpoland.com\/wp-content\/uploads\/2024\/11\/historia-firmy-kopia-1.png 130w, https:\/\/transpoland.com\/wp-content\/uploads\/2024\/11\/historia-firmy-kopia-1-12x12.png 12w\" sizes=\"(max-width: 130px) 100vw, 130px\" \/>\t\t\t\t\t\t\t\t\t\t\t\t\t<\/div>\n\t\t\t\t<\/div>\n\t\t\t\t<\/div>\n\t\t<div class=\"elementor-element elementor-element-a5ab6e7 e-con-full e-flex e-con e-child\" data-id=\"a5ab6e7\" data-element_type=\"container\">\n\t\t\t\t<div class=\"elementor-element elementor-element-1484e4f elementor-widget elementor-widget-text-editor\" data-id=\"1484e4f\" data-element_type=\"widget\" data-settings=\"{&quot;ekit_we_effect_on&quot;:&quot;none&quot;}\" data-widget_type=\"text-editor.default\">\n\t\t\t\t<div class=\"elementor-widget-container\">\n\t\t\t\t\t\t\t<p class=\"bold red reset-pad\"><strong><span style=\"color: #ca1f27;\">Founding of Trans Poland Company<\/span><\/strong><\/p><p class=\"text-margin black\">Initially, the company dealt with a wide range of transport processes, and also developed and delivered the latest IT solution for transport. In the initial stage, TRANSPOLAND's activities covered only Poland<\/p>\t\t\t\t\t\t<\/div>\n\t\t\t\t<\/div>\n\t\t\t\t<div class=\"elementor-element elementor-element-51bd15c elementor-widget elementor-widget-text-editor\" data-id=\"51bd15c\" data-element_type=\"widget\" data-settings=\"{&quot;ekit_we_effect_on&quot;:&quot;none&quot;}\" data-widget_type=\"text-editor.default\">\n\t\t\t\t<div class=\"elementor-widget-container\">\n\t\t\t\t\t\t\t<p class=\"red bold reset-pad\"><span style=\"color: #ca1f27;\"><strong>Expansion to international transport services<\/strong><\/span><\/p><p class=\"text-margin black\">Our passion for transport caused expansion into international transport services with our own fleet. Continuous development leads to the possibility of implementing larger projects and facing greater challenges. We systematically increase and modernize our fleet.<\/p>\t\t\t\t\t\t<\/div>\n\t\t\t\t<\/div>\n\t\t\t\t<div class=\"elementor-element elementor-element-e992df5 elementor-widget elementor-widget-text-editor\" data-id=\"e992df5\" data-element_type=\"widget\" data-settings=\"{&quot;ekit_we_effect_on&quot;:&quot;none&quot;}\" data-widget_type=\"text-editor.default\">\n\t\t\t\t<div class=\"elementor-widget-container\">\n\t\t\t\t\t\t\t<p class=\"red bold reset-pad\"><span style=\"color: #ca1f27;\"><strong>150 own transport units transportowych<\/strong><\/span><\/p><p class=\"black\">From the beginning, we have all the required ratings and licenses. We focus on the success of our company and our Business Partners. To meet your expectations, we offer a wide range of service packages for transport and forwarding.<\/p><p class=\"black\">An unquestionable advantage is dynamic development, which is also accompanied by the development of our Business Partners and mutual support in all difficult decision-making processes.<\/p><p class=\"black\">Trans Poland means speed, reliability, high flexibility, a modern fleet and, and of course, dedicated staff. All these elements are necessary to meet the expectations of a rapidly growing transport market. We use modern tools, thanks to which our customers are always aware of what is happening with their goods and we provide transport information in a quick and transparent way.<\/p>\t\t\t\t\t\t<\/div>\n\t\t\t\t<\/div>\n\t\t\t\t<\/div>\n\t\t\t\t\t<\/div>\n\t\t\t\t<\/div>\n\t\t<div class=\"elementor-element elementor-element-1f25785 e-con-full elementor-hidden-desktop elementor-hidden-tablet elementor-hidden-mobile e-flex e-con e-parent\" data-id=\"1f25785\" data-element_type=\"container\">\n\t\t<div class=\"elementor-element elementor-element-eff5d55 e-flex e-con-boxed e-con e-child\" data-id=\"eff5d55\" data-element_type=\"container\">\n\t\t\t\t\t<div class=\"e-con-inner\">\n\t\t\t\t<div class=\"elementor-element elementor-element-4ab5097 elementor-position-left elementor-vertical-align-top elementor-widget elementor-widget-image-box\" data-id=\"4ab5097\" data-element_type=\"widget\" data-settings=\"{&quot;ekit_we_effect_on&quot;:&quot;none&quot;}\" data-widget_type=\"image-box.default\">\n\t\t\t\t<div class=\"elementor-widget-container\">\n\t\t\t<div class=\"elementor-image-box-wrapper\"><figure class=\"elementor-image-box-img\"><img loading=\"lazy\" decoding=\"async\" width=\"96\" height=\"96\" src=\"https:\/\/transpoland.com\/wp-content\/uploads\/2024\/11\/struktura-organizacyjna.webp\" class=\"attachment-full size-full wp-image-463\" alt=\"\" srcset=\"https:\/\/transpoland.com\/wp-content\/uploads\/2024\/11\/struktura-organizacyjna.webp 96w, https:\/\/transpoland.com\/wp-content\/uploads\/2024\/11\/struktura-organizacyjna-12x12.webp 12w\" sizes=\"(max-width: 96px) 100vw, 96px\" \/><\/figure><div class=\"elementor-image-box-content\"><h3 class=\"elementor-image-box-title\">ORGANIZATIONAL STRUCTURE<\/h3><p class=\"elementor-image-box-description\"><p>Zesp\u00f3\u0142 logistyczny Trans Poland jest zaanga\u017cowany w ka\u017cde zlecenie transportowe. Nic nie jest niemo\u017cliwe \u2013 nasz\u0105 zasad\u0105 jest elastyczno\u015b\u0107, solidno\u015b\u0107 i terminowo\u015b\u0107 wdro\u017cenia, co daje gwarancj\u0119 bezpiecze\u0144stwa towar\u00f3w i terminowo\u015bci dostaw. Dla nas TRANSPOLAND to nie tylko praca \u2013 to pasja do rozwoju naszej firmy, to empatia dla naszych klient\u00f3w w ka\u017cdym dniu ich \u017cycia biznesowego. Skupiamy si\u0119 tak\u017ce na sukcesie ka\u017cdej nowej inwestycji.\n<\/p>\n<p>\nFor all of us who are part of Trans Poland Company \u2013 regardless of the position we hold \u2013 work means a huge challenge, but also satisfaction with what we do. Every day we deal with the challenges of the modern world of logistics. A team of hundreds of employees focuses on the daily implementation of tasks. We make sure that our team is highly qualified, that\u2019s why we take part in regular trainings, thanks to which we provide our services at the highest level.\n<\/p>\nOur company has its own base equipped with repair workshops and equipment for washing trucks in the central part of Poland. As a result, we can systematically carry out truck inspections to minimize the risk of vehicle failure. All decision-making processes are taken in our office in \u017byrard\u00f3w, located between \u0141\u00f3d\u017a and Warsaw.\n\nWe carry out our tasks with commitment because nothing drives us as much as the success and satisfaction of our customers. Positive recommendations from companies with whom we cooperate confirm the quality of our work. There is nothing more stimulating for taking actions.<\/p><\/div><\/div>\t\t<\/div>\n\t\t\t\t<\/div>\n\t\t\t\t\t<\/div>\n\t\t\t\t<\/div>\n\t\t\t\t<\/div>\n\t\t\t\t<\/div>","protected":false},"excerpt":{"rendered":"<p>JU\u017b 10 LAT RAZEM Od pocz\u0105tku istnienia naszej firmy w pe\u0142ni zaanga\u017cowania pracujemy na sukces naszych wymagaj\u0105cych Klient\u00f3w. Wychodz\u0105c naprzeciw ich oczekiwaniom, oferujemy pe\u0142en wachlarz us\u0142ug transportowych i spedycyjnych. Dla nas to nie tylko praca. To pasja, z jak\u0105 rozwijamy nasz\u0105 firm\u0119. To empatia, kt\u00f3r\u0105 obdarzamy naszych klient\u00f3w w codziennym brutalnym \u017cyciu gospodarczym. To tak\u017ce [&hellip;]<\/p>","protected":false},"author":1,"featured_media":0,"parent":0,"menu_order":0,"comment_status":"closed","ping_status":"closed","template":"elementor_header_footer","meta":{"footnotes":""},"class_list":["post-72","page","type-page","status-publish","hentry"],"_links":{"self":[{"href":"https:\/\/transpoland.com\/en\/wp-json\/wp\/v2\/pages\/72"}],"collection":[{"href":"https:\/\/transpoland.com\/en\/wp-json\/wp\/v2\/pages"}],"about":[{"href":"https:\/\/transpoland.com\/en\/wp-json\/wp\/v2\/types\/page"}],"author":[{"embeddable":true,"href":"https:\/\/transpoland.com\/en\/wp-json\/wp\/v2\/users\/1"}],"replies":[{"embeddable":true,"href":"https:\/\/transpoland.com\/en\/wp-json\/wp\/v2\/comments?post=72"}],"version-history":[{"count":59,"href":"https:\/\/transpoland.com\/en\/wp-json\/wp\/v2\/pages\/72\/revisions"}],"predecessor-version":[{"id":627,"href":"https:\/\/transpoland.com\/en\/wp-json\/wp\/v2\/pages\/72\/revisions\/627"}],"wp:attachment":[{"href":"https:\/\/transpoland.com\/en\/wp-json\/wp\/v2\/media?parent=72"}],"curies":[{"name":"wp","href":"https:\/\/api.w.org\/{rel}","templated":true}]}}