{"id":135,"date":"2024-09-29T12:35:42","date_gmt":"2024-09-29T12:35:42","guid":{"rendered":"https:\/\/transpoland.com\/?page_id=135"},"modified":"2024-11-10T10:45:20","modified_gmt":"2024-11-10T10:45:20","slug":"oferta","status":"publish","type":"page","link":"https:\/\/transpoland.com\/pl\/oferta\/","title":{"rendered":"Oferta"},"content":{"rendered":"\t\t<div data-elementor-type=\"wp-page\" data-elementor-id=\"135\" class=\"elementor elementor-135\" data-elementor-post-type=\"page\">\n\t\t\t\t<div class=\"elementor-element elementor-element-e4ab095 e-flex e-con-boxed e-con e-parent\" data-id=\"e4ab095\" data-element_type=\"container\">\n\t\t\t\t\t<div class=\"e-con-inner\">\n\t\t\t\t<div class=\"elementor-element elementor-element-a3d7c73 elementor-widget elementor-widget-heading\" data-id=\"a3d7c73\" data-element_type=\"widget\" data-settings=\"{&quot;ekit_we_effect_on&quot;:&quot;none&quot;}\" data-widget_type=\"heading.default\">\n\t\t\t\t<div class=\"elementor-widget-container\">\n\t\t\t<h2 class=\"elementor-heading-title elementor-size-default\">OFERTA<\/h2>\t\t<\/div>\n\t\t\t\t<\/div>\n\t\t\t\t<div class=\"elementor-element elementor-element-3def06f elementor-widget-divider--view-line elementor-widget elementor-widget-divider\" data-id=\"3def06f\" data-element_type=\"widget\" data-settings=\"{&quot;ekit_we_effect_on&quot;:&quot;none&quot;}\" data-widget_type=\"divider.default\">\n\t\t\t\t<div class=\"elementor-widget-container\">\n\t\t\t\t\t<div class=\"elementor-divider\">\n\t\t\t<span class=\"elementor-divider-separator\">\n\t\t\t\t\t\t<\/span>\n\t\t<\/div>\n\t\t\t\t<\/div>\n\t\t\t\t<\/div>\n\t\t\t\t<div class=\"elementor-element elementor-element-6608023 elementor-widget elementor-widget-text-editor\" data-id=\"6608023\" data-element_type=\"widget\" data-settings=\"{&quot;ekit_we_effect_on&quot;:&quot;none&quot;}\" data-widget_type=\"text-editor.default\">\n\t\t\t\t<div class=\"elementor-widget-container\">\n\t\t\t\t\t\t\t<p>W my\u015bl zasady \u201eczas to pieni\u0105dz\u2026 oszcz\u0119dzaj jedno i drugie\u201d wyspecjalizowali\u015bmy si\u0119 w ekspresowym transporcie przesy\u0142ek na terenie Europy, a w szczeg\u00f3lno\u015bci na trasach do Hiszpanii oraz Portugalii. Aby sprosta\u0107 wymaganiom Klien\u00f3w nasze samochody posiadaj\u0105 zr\u00f3\u017cnicowan\u0105 \u0142adowno\u015b\u0107, obj\u0119to\u015b\u0107 oraz zabudow\u0119 nadwozi.<\/p><p>Posiadamy ubezpieczenie OC przewo\u017anika w ruchu mi\u0119dzynarodowym na sum\u0119 gwarancyjn\u0105 250 000 USD, dzi\u0119ki kt\u00f3remu ka\u017cda przesy\u0142ka przewo\u017cona naszymi \u015brodkami transportu jest zabezpieczona zgodnie z konwencj\u0105 CMS.<\/p><p>Je\u015bli tylko potrzebuj\u0105 Pa\u0144stwo transportu prosimy o telefon lub email, a spr\u00f3bujemy pom\u00f3c i zrealizowa\u0107 zlecenie oraz spe\u0142ni\u0107 Pa\u0144stwa oczekiwania. Oferowane przez TRANS POLAND us\u0142ugi transportowe podlegaj\u0105 wycenie indywidualnej, zale\u017cnie od rodzaju i rozmiaru przewo\u017conego towaru oraz dystansu do miejsca docelowego. W celu uzyskania szczeg\u00f3\u0142owych informacji o us\u0142ugach, a tak\u017ce wyceny zlecenia, prosimy o kontakt telefoniczny lub mailowy. Nasz zesp\u00f3\u0142 sprawnie i szybko przejmie zlecenie, a nasi kierowcy z wieloletnim do\u015bwiadczeniem w wykonywaniu transportu na terenie Europy, bezpiecznie dowioz\u0105 Pa\u0144stwa \u0142adunek zawsze na czas.<\/p><p>Nasi kierowcy znaj\u0105 zasady zabezpieczania \u0142adunku oraz przestrzegaj\u0105 przepis\u00f3w, wiec mog\u0105 by\u0107 Pa\u0144stwo spokojni o terminowo\u015b\u0107 i bezpiecze\u0144stwo Pa\u0144stwa zlecenia.<\/p>\t\t\t\t\t\t<\/div>\n\t\t\t\t<\/div>\n\t\t\t\t\t<\/div>\n\t\t\t\t<\/div>\n\t\t\t\t<\/div>\n\t\t","protected":false},"excerpt":{"rendered":"<p>OFERTA W my\u015bl zasady \u201eczas to pieni\u0105dz\u2026 oszcz\u0119dzaj jedno i drugie\u201d wyspecjalizowali\u015bmy si\u0119 w ekspresowym transporcie przesy\u0142ek na terenie Europy, a w szczeg\u00f3lno\u015bci na trasach do Hiszpanii oraz Portugalii. Aby sprosta\u0107 wymaganiom Klien\u00f3w nasze samochody posiadaj\u0105 zr\u00f3\u017cnicowan\u0105 \u0142adowno\u015b\u0107, obj\u0119to\u015b\u0107 oraz zabudow\u0119 nadwozi. Posiadamy ubezpieczenie OC przewo\u017anika w ruchu mi\u0119dzynarodowym na sum\u0119 gwarancyjn\u0105 250 000 USD, [&hellip;]<\/p>\n","protected":false},"author":1,"featured_media":0,"parent":0,"menu_order":0,"comment_status":"closed","ping_status":"closed","template":"elementor_header_footer","meta":{"footnotes":""},"class_list":["post-135","page","type-page","status-publish","hentry"],"_links":{"self":[{"href":"https:\/\/transpoland.com\/pl\/wp-json\/wp\/v2\/pages\/135"}],"collection":[{"href":"https:\/\/transpoland.com\/pl\/wp-json\/wp\/v2\/pages"}],"about":[{"href":"https:\/\/transpoland.com\/pl\/wp-json\/wp\/v2\/types\/page"}],"author":[{"embeddable":true,"href":"https:\/\/transpoland.com\/pl\/wp-json\/wp\/v2\/users\/1"}],"replies":[{"embeddable":true,"href":"https:\/\/transpoland.com\/pl\/wp-json\/wp\/v2\/comments?post=135"}],"version-history":[{"count":11,"href":"https:\/\/transpoland.com\/pl\/wp-json\/wp\/v2\/pages\/135\/revisions"}],"predecessor-version":[{"id":494,"href":"https:\/\/transpoland.com\/pl\/wp-json\/wp\/v2\/pages\/135\/revisions\/494"}],"wp:attachment":[{"href":"https:\/\/transpoland.com\/pl\/wp-json\/wp\/v2\/media?parent=135"}],"curies":[{"name":"wp","href":"https:\/\/api.w.org\/{rel}","templated":true}]}}