{"id":148,"date":"2024-09-29T12:41:02","date_gmt":"2024-09-29T12:41:02","guid":{"rendered":"https:\/\/transpoland.com\/?page_id=148"},"modified":"2024-11-15T06:59:28","modified_gmt":"2024-11-15T06:59:28","slug":"o-nas","status":"publish","type":"page","link":"https:\/\/transpoland.com\/pl\/o-nas\/","title":{"rendered":"O nas"},"content":{"rendered":"\t\t<div data-elementor-type=\"wp-page\" data-elementor-id=\"148\" class=\"elementor elementor-148\" data-elementor-post-type=\"page\">\n\t\t\t\t<div class=\"elementor-element elementor-element-68e1d45 e-flex e-con-boxed e-con e-parent\" data-id=\"68e1d45\" data-element_type=\"container\">\n\t\t\t\t\t<div class=\"e-con-inner\">\n\t\t\t\t<div class=\"elementor-element elementor-element-32a10e2 elementor-widget elementor-widget-elementskit-breadcrumb\" data-id=\"32a10e2\" data-element_type=\"widget\" data-settings=\"{&quot;ekit_we_effect_on&quot;:&quot;none&quot;}\" data-widget_type=\"elementskit-breadcrumb.default\">\n\t\t\t\t<div class=\"elementor-widget-container\">\n\t\t\t<div class=\"ekit-wid-con\" ><ol class=\"ekit-breadcrumb\"><li class=\"ekit_breadcrumbs_start\"><a href=\"https:\/\/transpoland.com\/pl\">Home<\/a><\/li> <li class=\"brd_sep\"> &raquo; <\/li>  <li>O nas<\/li><\/ol><\/div>\t\t<\/div>\n\t\t\t\t<\/div>\n\t\t\t\t\t<\/div>\n\t\t\t\t<\/div>\n\t\t<div class=\"elementor-element elementor-element-94a0af0 e-flex e-con-boxed e-con e-parent\" data-id=\"94a0af0\" data-element_type=\"container\" data-settings=\"{&quot;background_background&quot;:&quot;classic&quot;}\">\n\t\t\t\t\t<div class=\"e-con-inner\">\n\t\t\t\t\t<\/div>\n\t\t\t\t<\/div>\n\t\t<div class=\"elementor-element elementor-element-8271e88 e-flex e-con-boxed e-con e-parent\" data-id=\"8271e88\" data-element_type=\"container\">\n\t\t\t\t\t<div class=\"e-con-inner\">\n\t\t\t\t<div class=\"elementor-element elementor-element-1afb05c elementor-widget elementor-widget-heading\" data-id=\"1afb05c\" data-element_type=\"widget\" data-settings=\"{&quot;ekit_we_effect_on&quot;:&quot;none&quot;}\" data-widget_type=\"heading.default\">\n\t\t\t\t<div class=\"elementor-widget-container\">\n\t\t\t<h2 class=\"elementor-heading-title elementor-size-default\">O NAS<\/h2>\t\t<\/div>\n\t\t\t\t<\/div>\n\t\t\t\t<div class=\"elementor-element elementor-element-47cae1b elementor-widget-divider--view-line elementor-widget elementor-widget-divider\" data-id=\"47cae1b\" data-element_type=\"widget\" data-settings=\"{&quot;ekit_we_effect_on&quot;:&quot;none&quot;}\" data-widget_type=\"divider.default\">\n\t\t\t\t<div class=\"elementor-widget-container\">\n\t\t\t\t\t<div class=\"elementor-divider\">\n\t\t\t<span class=\"elementor-divider-separator\">\n\t\t\t\t\t\t<\/span>\n\t\t<\/div>\n\t\t\t\t<\/div>\n\t\t\t\t<\/div>\n\t\t\t\t\t<\/div>\n\t\t\t\t<\/div>\n\t\t<div class=\"elementor-element elementor-element-fa21554 e-con-full e-flex e-con e-parent\" data-id=\"fa21554\" data-element_type=\"container\">\n\t\t<div class=\"elementor-element elementor-element-56497e5 e-flex e-con-boxed e-con e-child\" data-id=\"56497e5\" data-element_type=\"container\">\n\t\t\t\t\t<div class=\"e-con-inner\">\n\t\t\t\t<div class=\"elementor-element elementor-element-e44a447 elementor-position-left elementor-vertical-align-middle elementor-widget elementor-widget-image-box\" data-id=\"e44a447\" data-element_type=\"widget\" data-settings=\"{&quot;ekit_we_effect_on&quot;:&quot;none&quot;}\" data-widget_type=\"image-box.default\">\n\t\t\t\t<div class=\"elementor-widget-container\">\n\t\t\t<div class=\"elementor-image-box-wrapper\"><figure class=\"elementor-image-box-img\"><img decoding=\"async\" width=\"96\" height=\"96\" src=\"https:\/\/transpoland.com\/wp-content\/uploads\/2024\/11\/wielkosc-przedsiebiorstwa.webp\" class=\"attachment-full size-full wp-image-430\" alt=\"\" srcset=\"https:\/\/transpoland.com\/wp-content\/uploads\/2024\/11\/wielkosc-przedsiebiorstwa.webp 96w, https:\/\/transpoland.com\/wp-content\/uploads\/2024\/11\/wielkosc-przedsiebiorstwa-12x12.webp 12w\" sizes=\"(max-width: 96px) 100vw, 96px\" \/><\/figure><div class=\"elementor-image-box-content\"><h3 class=\"elementor-image-box-title\">Wielko\u015b\u0107 przedsi\u0119biorstwa i zasi\u0119g geograficzny<\/h3><p class=\"elementor-image-box-description\">G\u0142\u00f3wna siedziba firmy znajduj\u0119 si\u0119 w \u017byrardowie, w centralnej Polsce. Umo\u017cliwia to wsp\u00f3\u0142prac\u0119 z Partnerami Biznesowymi z zachodniej i wschodniej cz\u0119\u015bci kontynentu. Nasze us\u0142ugi transportowe skierowane s\u0105 g\u0142\u00f3wnie na P\u00f3\u0142wysep Iberyjski na liniach transportowych Polska \u2013 Hiszpania\/Portugalia \u2013 Polska.<\/p><\/div><\/div>\t\t<\/div>\n\t\t\t\t<\/div>\n\t\t\t\t\t<\/div>\n\t\t\t\t<\/div>\n\t\t<div class=\"elementor-element elementor-element-110518e e-flex e-con-boxed e-con e-child\" data-id=\"110518e\" data-element_type=\"container\">\n\t\t\t\t\t<div class=\"e-con-inner\">\n\t\t\t\t<div class=\"elementor-element elementor-element-d386050 elementor-position-left elementor-vertical-align-middle elementor-widget elementor-widget-image-box\" data-id=\"d386050\" data-element_type=\"widget\" data-settings=\"{&quot;ekit_we_effect_on&quot;:&quot;none&quot;}\" data-widget_type=\"image-box.default\">\n\t\t\t\t<div class=\"elementor-widget-container\">\n\t\t\t<div class=\"elementor-image-box-wrapper\"><figure class=\"elementor-image-box-img\"><img decoding=\"async\" width=\"96\" height=\"96\" src=\"https:\/\/transpoland.com\/wp-content\/uploads\/2024\/11\/liczba-posiadanych.webp\" class=\"attachment-full size-full wp-image-431\" alt=\"\" srcset=\"https:\/\/transpoland.com\/wp-content\/uploads\/2024\/11\/liczba-posiadanych.webp 96w, https:\/\/transpoland.com\/wp-content\/uploads\/2024\/11\/liczba-posiadanych-12x12.webp 12w\" sizes=\"(max-width: 96px) 100vw, 96px\" \/><\/figure><div class=\"elementor-image-box-content\"><h3 class=\"elementor-image-box-title\">Flota<\/h3><p class=\"elementor-image-box-description\">Obecnie nasza firma posiada 150 jednostek transportowych. Nowoczesna flota i bezpiecze\u0144stwo to nasze priorytety. Co roku modernizujemy flot\u0119 i co 4 lata wymieniamy nasze ci\u0119\u017car\u00f3wki na nowe.<\/p><\/div><\/div>\t\t<\/div>\n\t\t\t\t<\/div>\n\t\t\t\t\t<\/div>\n\t\t\t\t<\/div>\n\t\t<div class=\"elementor-element elementor-element-2514e7e e-flex e-con-boxed e-con e-child\" data-id=\"2514e7e\" data-element_type=\"container\">\n\t\t\t\t\t<div class=\"e-con-inner\">\n\t\t\t\t<div class=\"elementor-element elementor-element-5244dca elementor-position-left elementor-vertical-align-middle elementor-widget elementor-widget-image-box\" data-id=\"5244dca\" data-element_type=\"widget\" data-settings=\"{&quot;ekit_we_effect_on&quot;:&quot;none&quot;}\" data-widget_type=\"image-box.default\">\n\t\t\t\t<div class=\"elementor-widget-container\">\n\t\t\t<div class=\"elementor-image-box-wrapper\"><figure class=\"elementor-image-box-img\"><img decoding=\"async\" width=\"96\" height=\"96\" src=\"https:\/\/transpoland.com\/wp-content\/uploads\/2024\/11\/liczba-posiadanych.webp\" class=\"attachment-full size-full wp-image-431\" alt=\"\" srcset=\"https:\/\/transpoland.com\/wp-content\/uploads\/2024\/11\/liczba-posiadanych.webp 96w, https:\/\/transpoland.com\/wp-content\/uploads\/2024\/11\/liczba-posiadanych-12x12.webp 12w\" sizes=\"(max-width: 96px) 100vw, 96px\" \/><\/figure><div class=\"elementor-image-box-content\"><h3 class=\"elementor-image-box-title\">Rodzaj u\u017cytego wyposa\u017cenia przyczepy-skrzynia, certyfikaty xl, podw\u00f3jny pok\u0142ad<\/h3><p class=\"elementor-image-box-description\">Trans Poland posiada \u0142\u0105cznie 150 jednostek transportowych z licencjami na transport w Polsce i na \u015bwiecie. Nasza flota sk\u0142ada si\u0119 z nast\u0119puj\u0105cych element\u00f3w:\n<ul>\n \t<li>ci\u0119\u017car\u00f3wka z naczep\u0105 SCHMITZ o \u0142adowno\u015bci 94m<sup>3<\/sup><\/li>\n \t<li>ci\u0119\u017car\u00f3wka z naczep\u0105 SCHMITZ MEGA o \u0142adowno\u015bci 100m<sup>3<\/sup><\/li>\n \t<li>ci\u0119\u017car\u00f3wka z przyczep\u0105 o pojemno\u015bci 118 \u2013 120m<sup>3<\/sup><\/li>\n<\/ul>\nNiezale\u017cnie od tego, czy wszystkie ci\u0119\u017car\u00f3wki \/ przyczepy s\u0105 w\u0142asno\u015bci\u0105 i podlegaj\u0105 outsourcingowi, wszystkie pojazdy, przyczepy i naczepy s\u0105 w\u0142asno\u015bci\u0105 Bianco Logistic Group.<\/p><\/div><\/div>\t\t<\/div>\n\t\t\t\t<\/div>\n\t\t\t\t\t<\/div>\n\t\t\t\t<\/div>\n\t\t\t\t<\/div>\n\t\t<div class=\"elementor-element elementor-element-0e5ed33 e-con-full e-flex e-con e-parent\" data-id=\"0e5ed33\" data-element_type=\"container\">\n\t\t<div class=\"elementor-element elementor-element-2145625 e-flex e-con-boxed e-con e-child\" data-id=\"2145625\" data-element_type=\"container\">\n\t\t\t\t\t<div class=\"e-con-inner\">\n\t\t\t\t<div class=\"elementor-element elementor-element-edc2138 elementor-position-left elementor-vertical-align-middle elementor-widget elementor-widget-image-box\" data-id=\"edc2138\" data-element_type=\"widget\" data-settings=\"{&quot;ekit_we_effect_on&quot;:&quot;none&quot;}\" data-widget_type=\"image-box.default\">\n\t\t\t\t<div class=\"elementor-widget-container\">\n\t\t\t<div class=\"elementor-image-box-wrapper\"><figure class=\"elementor-image-box-img\"><img decoding=\"async\" width=\"96\" height=\"96\" src=\"https:\/\/transpoland.com\/wp-content\/uploads\/2024\/11\/technologia-gps.webp\" class=\"attachment-full size-full wp-image-436\" alt=\"\" srcset=\"https:\/\/transpoland.com\/wp-content\/uploads\/2024\/11\/technologia-gps.webp 96w, https:\/\/transpoland.com\/wp-content\/uploads\/2024\/11\/technologia-gps-12x12.webp 12w\" sizes=\"(max-width: 96px) 100vw, 96px\" \/><\/figure><div class=\"elementor-image-box-content\"><h3 class=\"elementor-image-box-title\">Technologia gps<\/h3><p class=\"elementor-image-box-description\">Nasze pojazdy s\u0105 wyposa\u017cone w inteligentny system GPS firmy TOMTOM Telematics oraz GBOX firmy INELO, kt\u00f3ry umo\u017cliwia sta\u0142y kontakt ze sterownikami oraz kontrol\u0119 aktualnej pozycji pojazdu i \u0142adunku. Obs\u0142uga klienta 24 godziny na dob\u0119, 7 dni w tygodniu, w po\u0142\u0105czeniu z do\u015bwiadczonym zespo\u0142em pracownik\u00f3w pozwala nam stawia\u0107 czo\u0142a najwi\u0119kszym wyzwaniom.<\/p><\/div><\/div>\t\t<\/div>\n\t\t\t\t<\/div>\n\t\t\t\t\t<\/div>\n\t\t\t\t<\/div>\n\t\t<div class=\"elementor-element elementor-element-e164fe5 e-flex e-con-boxed e-con e-child\" data-id=\"e164fe5\" data-element_type=\"container\">\n\t\t\t\t\t<div class=\"e-con-inner\">\n\t\t\t\t<div class=\"elementor-element elementor-element-d2eb45b elementor-position-left elementor-vertical-align-middle elementor-widget elementor-widget-image-box\" data-id=\"d2eb45b\" data-element_type=\"widget\" data-settings=\"{&quot;ekit_we_effect_on&quot;:&quot;none&quot;}\" data-widget_type=\"image-box.default\">\n\t\t\t\t<div class=\"elementor-widget-container\">\n\t\t\t<div class=\"elementor-image-box-wrapper\"><figure class=\"elementor-image-box-img\"><img loading=\"lazy\" decoding=\"async\" width=\"96\" height=\"96\" src=\"https:\/\/transpoland.com\/wp-content\/uploads\/2024\/11\/wydajnosc.webp\" class=\"attachment-full size-full wp-image-437\" alt=\"\" srcset=\"https:\/\/transpoland.com\/wp-content\/uploads\/2024\/11\/wydajnosc.webp 96w, https:\/\/transpoland.com\/wp-content\/uploads\/2024\/11\/wydajnosc-12x12.webp 12w\" sizes=\"(max-width: 96px) 100vw, 96px\" \/><\/figure><div class=\"elementor-image-box-content\"><h3 class=\"elementor-image-box-title\">Wydajno\u015b\u0107 us\u0142ug<\/h3><p class=\"elementor-image-box-description\">Nasze wyniki s\u0105 mierzone w kryteriach takich jak punktualno\u015b\u0107 i najszybszy czas transportu.. Wska\u017anik KPI od naszych kluczowych Pratner\u00f3w Biznesowych wynosi 99%.<\/p><\/div><\/div>\t\t<\/div>\n\t\t\t\t<\/div>\n\t\t\t\t\t<\/div>\n\t\t\t\t<\/div>\n\t\t<div class=\"elementor-element elementor-element-1aea085 e-flex e-con-boxed e-con e-child\" data-id=\"1aea085\" data-element_type=\"container\">\n\t\t\t\t\t<div class=\"e-con-inner\">\n\t\t\t\t<div class=\"elementor-element elementor-element-9142d6b elementor-position-left elementor-vertical-align-middle elementor-widget elementor-widget-image-box\" data-id=\"9142d6b\" data-element_type=\"widget\" data-settings=\"{&quot;ekit_we_effect_on&quot;:&quot;none&quot;}\" data-widget_type=\"image-box.default\">\n\t\t\t\t<div class=\"elementor-widget-container\">\n\t\t\t<div class=\"elementor-image-box-wrapper\"><figure class=\"elementor-image-box-img\"><img decoding=\"async\" width=\"96\" height=\"96\" src=\"https:\/\/transpoland.com\/wp-content\/uploads\/2024\/11\/liczba-posiadanych.webp\" class=\"attachment-full size-full wp-image-431\" alt=\"\" srcset=\"https:\/\/transpoland.com\/wp-content\/uploads\/2024\/11\/liczba-posiadanych.webp 96w, https:\/\/transpoland.com\/wp-content\/uploads\/2024\/11\/liczba-posiadanych-12x12.webp 12w\" sizes=\"(max-width: 96px) 100vw, 96px\" \/><\/figure><div class=\"elementor-image-box-content\"><h3 class=\"elementor-image-box-title\">Kluczowe atuty w obs\u0142ugiwanych destynacjach<\/h3><p class=\"elementor-image-box-description\">Ze wzgl\u0119du na sta\u0142e kursy w regionach Alovera, Guadalajara, Saragossa, Walencja i Barcelona g\u0142\u00f3wnym kierunkiem naszych destynacji jest rynek hiszpa\u0144ski i portugalski. Pracujemy na tych trasach przez ca\u0142y rok, dlatego jeste\u015bmy w stanie zapewni\u0107 na bie\u017c\u0105co pojazdy na najwy\u017cszym poziomie (oko\u0142o 80 pojazd\u00f3w w wymienionych lokalizacjach).<\/p><\/div><\/div>\t\t<\/div>\n\t\t\t\t<\/div>\n\t\t\t\t\t<\/div>\n\t\t\t\t<\/div>\n\t\t<div class=\"elementor-element elementor-element-1d7a622 e-flex e-con-boxed e-con e-child\" data-id=\"1d7a622\" data-element_type=\"container\">\n\t\t\t\t\t<div class=\"e-con-inner\">\n\t\t\t\t<div class=\"elementor-element elementor-element-87cd0bb elementor-position-left elementor-vertical-align-middle elementor-widget elementor-widget-image-box\" data-id=\"87cd0bb\" data-element_type=\"widget\" data-settings=\"{&quot;ekit_we_effect_on&quot;:&quot;none&quot;}\" data-widget_type=\"image-box.default\">\n\t\t\t\t<div class=\"elementor-widget-container\">\n\t\t\t<div class=\"elementor-image-box-wrapper\"><figure class=\"elementor-image-box-img\"><img loading=\"lazy\" decoding=\"async\" width=\"96\" height=\"96\" src=\"https:\/\/transpoland.com\/wp-content\/uploads\/2024\/11\/wsparcie.webp\" class=\"attachment-full size-full wp-image-438\" alt=\"\" srcset=\"https:\/\/transpoland.com\/wp-content\/uploads\/2024\/11\/wsparcie.webp 96w, https:\/\/transpoland.com\/wp-content\/uploads\/2024\/11\/wsparcie-12x12.webp 12w\" sizes=\"(max-width: 96px) 100vw, 96px\" \/><\/figure><div class=\"elementor-image-box-content\"><h3 class=\"elementor-image-box-title\">Wsparcie i struktura operacji<\/h3><p class=\"elementor-image-box-description\">Nasze ci\u0119\u017car\u00f3wki posiadaj\u0105 obsad\u0119 dw\u00f3ch kierowc\u00f3w, dzi\u0119ki czemu \u0142adunki s\u0105 bezpiecznie transportowane i dostarczasne szybko, bez niepotrzebnych op\u00f3\u017anie\u0144 do miejsca przeznaczenia. Kierowcy s\u0105 zawsze w kontakcie z naszym zespo\u0142em, kt\u00f3ry monitoruje ich post\u0119py 24h\/7, wyznacza bezpieczne miejsca parkingowe i jest w stanie przekazywa\u0107 aktualne informacje do Klienta.<\/p><\/div><\/div>\t\t<\/div>\n\t\t\t\t<\/div>\n\t\t\t\t\t<\/div>\n\t\t\t\t<\/div>\n\t\t<div class=\"elementor-element elementor-element-c5da5b8 e-flex e-con-boxed e-con e-child\" data-id=\"c5da5b8\" data-element_type=\"container\">\n\t\t\t\t\t<div class=\"e-con-inner\">\n\t\t\t\t<div class=\"elementor-element elementor-element-4a98574 elementor-position-left elementor-vertical-align-middle elementor-widget elementor-widget-image-box\" data-id=\"4a98574\" data-element_type=\"widget\" data-settings=\"{&quot;ekit_we_effect_on&quot;:&quot;none&quot;}\" data-widget_type=\"image-box.default\">\n\t\t\t\t<div class=\"elementor-widget-container\">\n\t\t\t<div class=\"elementor-image-box-wrapper\"><figure class=\"elementor-image-box-img\"><img loading=\"lazy\" decoding=\"async\" width=\"96\" height=\"96\" src=\"https:\/\/transpoland.com\/wp-content\/uploads\/2024\/11\/wskaznik-dyspozytorow.webp\" class=\"attachment-full size-full wp-image-439\" alt=\"\" srcset=\"https:\/\/transpoland.com\/wp-content\/uploads\/2024\/11\/wskaznik-dyspozytorow.webp 96w, https:\/\/transpoland.com\/wp-content\/uploads\/2024\/11\/wskaznik-dyspozytorow-12x12.webp 12w\" sizes=\"(max-width: 96px) 100vw, 96px\" \/><\/figure><div class=\"elementor-image-box-content\"><h3 class=\"elementor-image-box-title\">Obs\u0142uga klienta 24h\/7, wsparcie IT<\/h3><p class=\"elementor-image-box-description\">W Trans Poland jeden cz\u0142onek zespo\u0142u opiekuje si\u0119 oko\u0142o 20 pojazdami. Zapewniamy ca\u0142odobow\u0105 obs\u0142ug\u0119 i wsparcie dla naszych Klient\u00f3w poprzez wyznaczenie dedykowanego cz\u0142onka zespo\u0142u do obs\u0142ugi Klienta. Wsparcie IT jest realizowane przez firmy zewn\u0119trzne.\n<\/p><\/div><\/div>\t\t<\/div>\n\t\t\t\t<\/div>\n\t\t\t\t\t<\/div>\n\t\t\t\t<\/div>\n\t\t\t\t<\/div>\n\t\t\t\t<\/div>\n\t\t","protected":false},"excerpt":{"rendered":"<p>Home O NAS Wielko\u015b\u0107 przedsi\u0119biorstwa i zasi\u0119g geograficzny G\u0142\u00f3wna siedziba firmy znajduj\u0119 si\u0119 w \u017byrardowie, w centralnej Polsce. Umo\u017cliwia to wsp\u00f3\u0142prac\u0119 z Partnerami Biznesowymi z zachodniej i wschodniej cz\u0119\u015bci kontynentu. Nasze us\u0142ugi transportowe skierowane s\u0105 g\u0142\u00f3wnie na P\u00f3\u0142wysep Iberyjski na liniach transportowych Polska \u2013 Hiszpania\/Portugalia \u2013 Polska. Flota Obecnie nasza firma posiada 150 jednostek transportowych. [&hellip;]<\/p>\n","protected":false},"author":1,"featured_media":0,"parent":0,"menu_order":0,"comment_status":"closed","ping_status":"closed","template":"elementor_header_footer","meta":{"footnotes":""},"class_list":["post-148","page","type-page","status-publish","hentry"],"_links":{"self":[{"href":"https:\/\/transpoland.com\/pl\/wp-json\/wp\/v2\/pages\/148"}],"collection":[{"href":"https:\/\/transpoland.com\/pl\/wp-json\/wp\/v2\/pages"}],"about":[{"href":"https:\/\/transpoland.com\/pl\/wp-json\/wp\/v2\/types\/page"}],"author":[{"embeddable":true,"href":"https:\/\/transpoland.com\/pl\/wp-json\/wp\/v2\/users\/1"}],"replies":[{"embeddable":true,"href":"https:\/\/transpoland.com\/pl\/wp-json\/wp\/v2\/comments?post=148"}],"version-history":[{"count":26,"href":"https:\/\/transpoland.com\/pl\/wp-json\/wp\/v2\/pages\/148\/revisions"}],"predecessor-version":[{"id":611,"href":"https:\/\/transpoland.com\/pl\/wp-json\/wp\/v2\/pages\/148\/revisions\/611"}],"wp:attachment":[{"href":"https:\/\/transpoland.com\/pl\/wp-json\/wp\/v2\/media?parent=148"}],"curies":[{"name":"wp","href":"https:\/\/api.w.org\/{rel}","templated":true}]}}