{"id":72,"date":"2024-09-29T12:10:33","date_gmt":"2024-09-29T12:10:33","guid":{"rendered":"https:\/\/transpoland.com\/?page_id=72"},"modified":"2024-11-15T07:13:35","modified_gmt":"2024-11-15T07:13:35","slug":"nasza-firma","status":"publish","type":"page","link":"https:\/\/transpoland.com\/pl\/nasza-firma\/","title":{"rendered":"Nasza firma"},"content":{"rendered":"\t\t<div data-elementor-type=\"wp-page\" data-elementor-id=\"72\" class=\"elementor elementor-72\" data-elementor-post-type=\"page\">\n\t\t\t\t<div class=\"elementor-element elementor-element-d4efb92 e-con-full e-flex e-con e-parent\" data-id=\"d4efb92\" data-element_type=\"container\" data-settings=\"{&quot;background_background&quot;:&quot;classic&quot;}\">\n\t\t<div class=\"elementor-element elementor-element-ccbbcf0 e-con-full e-flex e-con e-child\" data-id=\"ccbbcf0\" data-element_type=\"container\">\n\t\t\t\t<div class=\"elementor-element elementor-element-712388d elementor-widget elementor-widget-image\" data-id=\"712388d\" data-element_type=\"widget\" data-settings=\"{&quot;ekit_we_effect_on&quot;:&quot;none&quot;}\" data-widget_type=\"image.default\">\n\t\t\t\t<div class=\"elementor-widget-container\">\n\t\t\t\t\t\t\t\t\t\t\t\t\t<img fetchpriority=\"high\" decoding=\"async\" width=\"800\" height=\"569\" src=\"https:\/\/transpoland.com\/wp-content\/uploads\/2024\/11\/translogo5.jpg\" class=\"attachment-large size-large wp-image-549\" alt=\"\" srcset=\"https:\/\/transpoland.com\/wp-content\/uploads\/2024\/11\/translogo5.jpg 837w, https:\/\/transpoland.com\/wp-content\/uploads\/2024\/11\/translogo5-300x213.jpg 300w, https:\/\/transpoland.com\/wp-content\/uploads\/2024\/11\/translogo5-768x546.jpg 768w, https:\/\/transpoland.com\/wp-content\/uploads\/2024\/11\/translogo5-18x12.jpg 18w\" sizes=\"(max-width: 800px) 100vw, 800px\" \/>\t\t\t\t\t\t\t\t\t\t\t\t\t<\/div>\n\t\t\t\t<\/div>\n\t\t\t\t<\/div>\n\t\t<div class=\"elementor-element elementor-element-e0fe10b e-con-full e-flex e-con e-child\" data-id=\"e0fe10b\" data-element_type=\"container\" data-settings=\"{&quot;background_background&quot;:&quot;classic&quot;}\">\n\t\t\t\t<div class=\"elementor-element elementor-element-b777464 elementor-widget elementor-widget-heading\" data-id=\"b777464\" data-element_type=\"widget\" data-settings=\"{&quot;ekit_we_effect_on&quot;:&quot;none&quot;}\" data-widget_type=\"heading.default\">\n\t\t\t\t<div class=\"elementor-widget-container\">\n\t\t\t<h2 class=\"elementor-heading-title elementor-size-default\">JU\u017b 10 LAT RAZEM<\/h2>\t\t<\/div>\n\t\t\t\t<\/div>\n\t\t\t\t<div class=\"elementor-element elementor-element-7970341 elementor-widget elementor-widget-text-editor\" data-id=\"7970341\" data-element_type=\"widget\" data-settings=\"{&quot;ekit_we_effect_on&quot;:&quot;none&quot;}\" data-widget_type=\"text-editor.default\">\n\t\t\t\t<div class=\"elementor-widget-container\">\n\t\t\t\t\t\t\t<p>Od pocz\u0105tku istnienia naszej firmy w pe\u0142ni zaanga\u017cowania pracujemy na sukces naszych wymagaj\u0105cych Klient\u00f3w. Wychodz\u0105c naprzeciw ich oczekiwaniom, oferujemy pe\u0142en wachlarz us\u0142ug transportowych i spedycyjnych.<\/p><p>Dla nas to nie tylko praca. To pasja, z jak\u0105 rozwijamy nasz\u0105 firm\u0119. To empatia, kt\u00f3r\u0105 obdarzamy naszych klient\u00f3w w codziennym brutalnym \u017cyciu gospodarczym. To tak\u017ce motywacja na sukces, towarzysz\u0105ca nam w ka\u017cdej nowej inwestycji.<\/p><p class=\"spaced-bottom\">Niepodwa\u017calnym atutem jest nasz dynamiczny rozw\u00f3j, kt\u00f3remu towarzyszy tak\u017ce ekspansja naszych Klient\u00f3w oraz wzajemne wspieranie si\u0119 we wszystkich trudnych decyzjach.<\/p><p>Trans Poland to szybko\u015b\u0107, solidno\u015b\u0107, du\u017ca elastyczno\u015b\u0107, nowoczesny tabor i oczywi\u015bcie zaanga\u017cowana kadra, aby spe\u0142nia\u0107 wymogi szybko rozwijaj\u0105cego si\u0119 rynku. Pos\u0142ugujemy si\u0119 nowoczesnymi narz\u0119dziami, tak aby nasz Klient zawsze wiedzia\u0142 co si\u0119 dzieje z jego \u0142adunkiem oraz aby w szybki i \u0142atwy spos\u00f3b dostarczy\u0107 informacj\u0119 o realizowanym zleceniu.<\/p>\t\t\t\t\t\t<\/div>\n\t\t\t\t<\/div>\n\t\t\t\t<\/div>\n\t\t\t\t<\/div>\n\t\t<div class=\"elementor-element elementor-element-a8eee94 e-flex e-con-boxed e-con e-parent\" data-id=\"a8eee94\" data-element_type=\"container\">\n\t\t\t\t\t<div class=\"e-con-inner\">\n\t\t\t\t<div class=\"elementor-element elementor-element-06af0a7 elementor-widget elementor-widget-heading\" data-id=\"06af0a7\" data-element_type=\"widget\" data-settings=\"{&quot;ekit_we_effect_on&quot;:&quot;none&quot;}\" data-widget_type=\"heading.default\">\n\t\t\t\t<div class=\"elementor-widget-container\">\n\t\t\t<h2 class=\"elementor-heading-title elementor-size-default\">Historia firmy<\/h2>\t\t<\/div>\n\t\t\t\t<\/div>\n\t\t\t\t\t<\/div>\n\t\t\t\t<\/div>\n\t\t<div class=\"elementor-element elementor-element-0992033 e-flex e-con-boxed e-con e-parent\" data-id=\"0992033\" data-element_type=\"container\">\n\t\t\t\t\t<div class=\"e-con-inner\">\n\t\t<div class=\"elementor-element elementor-element-ac273eb e-con-full elementor-hidden-tablet elementor-hidden-mobile e-flex e-con e-child\" data-id=\"ac273eb\" data-element_type=\"container\">\n\t\t\t\t<div class=\"elementor-element elementor-element-ee905eb elementor-widget elementor-widget-image\" data-id=\"ee905eb\" data-element_type=\"widget\" data-settings=\"{&quot;ekit_we_effect_on&quot;:&quot;none&quot;}\" data-widget_type=\"image.default\">\n\t\t\t\t<div class=\"elementor-widget-container\">\n\t\t\t\t\t\t\t\t\t\t\t\t\t<img decoding=\"async\" width=\"130\" height=\"125\" src=\"https:\/\/transpoland.com\/wp-content\/uploads\/2024\/11\/historia-firmy-kopia-1.png\" class=\"attachment-large size-large wp-image-612\" alt=\"\" srcset=\"https:\/\/transpoland.com\/wp-content\/uploads\/2024\/11\/historia-firmy-kopia-1.png 130w, https:\/\/transpoland.com\/wp-content\/uploads\/2024\/11\/historia-firmy-kopia-1-12x12.png 12w\" sizes=\"(max-width: 130px) 100vw, 130px\" \/>\t\t\t\t\t\t\t\t\t\t\t\t\t<\/div>\n\t\t\t\t<\/div>\n\t\t\t\t<\/div>\n\t\t<div class=\"elementor-element elementor-element-12a8676 e-con-full e-flex e-con e-child\" data-id=\"12a8676\" data-element_type=\"container\">\n\t\t\t\t<div class=\"elementor-element elementor-element-20b95c5 elementor-widget elementor-widget-text-editor\" data-id=\"20b95c5\" data-element_type=\"widget\" data-settings=\"{&quot;ekit_we_effect_on&quot;:&quot;none&quot;}\" data-widget_type=\"text-editor.default\">\n\t\t\t\t<div class=\"elementor-widget-container\">\n\t\t\t\t\t\t\t<p class=\"red bold reset-pad\"><span style=\"color: #ca1f27;\"><strong>50 w\u0142asnych jednostek transportowych<\/strong><\/span><\/p><p class=\"black\">Od pocz\u0105tku posiadamy wszystkie wymagane uprawnienia i licencje. Koncentrujemy si\u0119 na sukcesie naszej firmy i naszych Partner\u00f3w Biznesowych. Wychodz\u0105c naprzeciw oczekiwaniom oferujemy szerok\u0105 gam\u0119 pakiet\u00f3w us\u0142ugowych dla transportu i spedycji.<\/p><p class=\"black\">Niew\u0105tpliw\u0105 zalet\u0105 jest dynamiczny rozw\u00f3j, kt\u00f3remu towarzyszy r\u00f3wnie\u017c rozw\u00f3j naszych Partner\u00f3w Biznesowych oraz wzajemne wsparcie we wszystkich trudnych procesach decyzyjnych.<\/p><p class=\"black\">Trans Poland to szybko\u015b\u0107, solidno\u015b\u0107, wysoka elastyczno\u015b\u0107, nowoczesna flota i oczywi\u015bcie oddany personel. Wszystkie te elementy s\u0105 niezb\u0119dne, aby sprosta\u0107 oczekiwaniom szybko rozwijaj\u0105cego si\u0119 rynku transportowego. Korzystamy z nowoczesnych narz\u0119dzi, dzi\u0119ki czemu nasi klienci zawsze s\u0105 \u015bwiadomi tego, co dzieje si\u0119 z ich towarami, a my dostarczamy informacje o transporcie w szybki i przejrzysty spos\u00f3b.<\/p>\t\t\t\t\t\t<\/div>\n\t\t\t\t<\/div>\n\t\t\t\t<\/div>\n\t\t\t\t\t<\/div>\n\t\t\t\t<\/div>\n\t\t<div class=\"elementor-element elementor-element-f9e45ca e-flex e-con-boxed e-con e-parent\" data-id=\"f9e45ca\" data-element_type=\"container\">\n\t\t\t\t\t<div class=\"e-con-inner\">\n\t\t<div class=\"elementor-element elementor-element-63c1b7d e-con-full elementor-hidden-tablet elementor-hidden-mobile e-flex e-con e-child\" data-id=\"63c1b7d\" data-element_type=\"container\">\n\t\t\t\t<div class=\"elementor-element elementor-element-efeed6e elementor-widget elementor-widget-image\" data-id=\"efeed6e\" data-element_type=\"widget\" data-settings=\"{&quot;ekit_we_effect_on&quot;:&quot;none&quot;}\" data-widget_type=\"image.default\">\n\t\t\t\t<div class=\"elementor-widget-container\">\n\t\t\t\t\t\t\t\t\t\t\t\t\t<img decoding=\"async\" width=\"96\" height=\"96\" src=\"https:\/\/transpoland.com\/wp-content\/uploads\/2024\/11\/struktura-organizacyjna.webp\" class=\"attachment-large size-large wp-image-463\" alt=\"\" srcset=\"https:\/\/transpoland.com\/wp-content\/uploads\/2024\/11\/struktura-organizacyjna.webp 96w, https:\/\/transpoland.com\/wp-content\/uploads\/2024\/11\/struktura-organizacyjna-12x12.webp 12w\" sizes=\"(max-width: 96px) 100vw, 96px\" \/>\t\t\t\t\t\t\t\t\t\t\t\t\t<\/div>\n\t\t\t\t<\/div>\n\t\t\t\t<\/div>\n\t\t<div class=\"elementor-element elementor-element-1651fb3 e-con-full e-flex e-con e-child\" data-id=\"1651fb3\" data-element_type=\"container\">\n\t\t\t\t<div class=\"elementor-element elementor-element-3e99c38 elementor-widget elementor-widget-text-editor\" data-id=\"3e99c38\" data-element_type=\"widget\" data-settings=\"{&quot;ekit_we_effect_on&quot;:&quot;none&quot;}\" data-widget_type=\"text-editor.default\">\n\t\t\t\t<div class=\"elementor-widget-container\">\n\t\t\t\t\t\t\t<h3><strong>Struktura organizacyjna<\/strong><\/h3><p>Zesp\u00f3\u0142 logistyczny Trans Poland jest zaanga\u017cowany w ka\u017cde zlecenie transportowe. Nic nie jest niemo\u017cliwe \u2013 nasz\u0105 zasad\u0105 jest elastyczno\u015b\u0107, solidno\u015b\u0107 i terminowo\u015b\u0107 wdro\u017cenia, co daje gwarancj\u0119 bezpiecze\u0144stwa towar\u00f3w i terminowo\u015bci dostaw. Dla nas TRANSPOLAND to nie tylko praca \u2013 to pasja do rozwoju naszej firmy, to empatia dla naszych klient\u00f3w w ka\u017cdym dniu ich \u017cycia biznesowego. Skupiamy si\u0119 tak\u017ce na sukcesie ka\u017cdej nowej inwestycji.<\/p><p>Dla nas wszystkich, kt\u00f3rzy s\u0105 cz\u0119\u015bci\u0105 Trans Poland \u2013 bez wzgl\u0119du na zajmowane stanowisko \u2013 praca oznacza ogromne wyzwanie, ale tak\u017ce czerpanie satysfakcji z tego, co robimy. Ka\u017cdego dnia radzimy sobie z wyzwaniami wsp\u00f3\u0142czesnego \u015bwiata logistyki. Zesp\u00f3\u0142 setek pracownik\u00f3w koncentruje si\u0119 na codziennej realizacji zada\u0144. Dbamy o to, aby nasz zesp\u00f3\u0142 by\u0142 wysoko wykwalifikowany, dlatego bierzemy udzia\u0142 w regularnych szkoleniach, dzi\u0119ki kt\u00f3rym \u015bwiadczymy nasze us\u0142ugi na najwy\u017cszym poziomie.<\/p><p>Nasza firma ma w\u0142asn\u0105 baz\u0119 wyposa\u017con\u0105 w warsztaty naprawcze i urz\u0105dzenia do mycia samochod\u00f3w ci\u0119\u017carowych w centralnej cz\u0119\u015bci Polski. Dzi\u0119ki temu mo\u017cemy systematycznie przeprowadza\u0107 kontrole ci\u0119\u017car\u00f3wek w celu zminimalizowania ryzyka niesprawno\u015bci pojazd\u00f3w. Wszystkie procesy decyzyjne podejmowane s\u0105 z naszego biura w \u017byrardowie, zlokalizowanego pomi\u0119dzy \u0141odzi\u0105 a Warszaw\u0105.<\/p><p>Z zaanga\u017cowaniem realizujemy nasze zadania, poniewa\u017c nic nie nap\u0119dza nas tak bardzo jak sukces i satysfakcja naszych Klient\u00f3w. Pozytywne rekomendacje od firm, z kt\u00f3rymi wsp\u00f3\u0142pracujemy potwierdzaj\u0105 jako\u015b\u0107 naszej pracy. Nie ma nic bardziej stymuluj\u0105cego do dzia\u0142ania.<\/p>\t\t\t\t\t\t<\/div>\n\t\t\t\t<\/div>\n\t\t\t\t<\/div>\n\t\t\t\t\t<\/div>\n\t\t\t\t<\/div>\n\t\t<div class=\"elementor-element elementor-element-19391fa elementor-hidden-desktop elementor-hidden-tablet elementor-hidden-mobile e-flex e-con-boxed e-con e-parent\" data-id=\"19391fa\" data-element_type=\"container\">\n\t\t\t\t\t<div class=\"e-con-inner\">\n\t\t<div class=\"elementor-element elementor-element-5466038 e-con-full elementor-hidden-tablet elementor-hidden-mobile e-flex e-con e-child\" data-id=\"5466038\" data-element_type=\"container\">\n\t\t\t\t<div class=\"elementor-element elementor-element-c8957b0 elementor-widget elementor-widget-image\" data-id=\"c8957b0\" data-element_type=\"widget\" data-settings=\"{&quot;ekit_we_effect_on&quot;:&quot;none&quot;}\" data-widget_type=\"image.default\">\n\t\t\t\t<div class=\"elementor-widget-container\">\n\t\t\t\t\t\t\t\t\t\t\t\t\t<img decoding=\"async\" width=\"130\" height=\"125\" src=\"https:\/\/transpoland.com\/wp-content\/uploads\/2024\/11\/historia-firmy-kopia-1.png\" class=\"attachment-large size-large wp-image-612\" alt=\"\" srcset=\"https:\/\/transpoland.com\/wp-content\/uploads\/2024\/11\/historia-firmy-kopia-1.png 130w, https:\/\/transpoland.com\/wp-content\/uploads\/2024\/11\/historia-firmy-kopia-1-12x12.png 12w\" sizes=\"(max-width: 130px) 100vw, 130px\" \/>\t\t\t\t\t\t\t\t\t\t\t\t\t<\/div>\n\t\t\t\t<\/div>\n\t\t\t\t<\/div>\n\t\t<div class=\"elementor-element elementor-element-a5ab6e7 e-con-full e-flex e-con e-child\" data-id=\"a5ab6e7\" data-element_type=\"container\">\n\t\t\t\t<div class=\"elementor-element elementor-element-1484e4f elementor-widget elementor-widget-text-editor\" data-id=\"1484e4f\" data-element_type=\"widget\" data-settings=\"{&quot;ekit_we_effect_on&quot;:&quot;none&quot;}\" data-widget_type=\"text-editor.default\">\n\t\t\t\t<div class=\"elementor-widget-container\">\n\t\t\t\t\t\t\t<p class=\"bold red reset-pad\"><strong><span style=\"color: #ca1f27;\">Za\u0142o\u017cenie firmy Trans Poland<\/span><\/strong><\/p><p class=\"text-margin black\">Pocz\u0105tkowo firma zajmowa\u0142a si\u0119 szerok\u0105 gam\u0105 proces\u00f3w transportowych, a tak\u017ce opracowywa\u0142a i dostarcza\u0142a najnowsze rozwi\u0105zanie IT dla transportu. W pocz\u0105tkowym stadium dzia\u0142ania TRANSPOLAND obejmowa\u0142y tylko Polsk\u0119<\/p>\t\t\t\t\t\t<\/div>\n\t\t\t\t<\/div>\n\t\t\t\t<div class=\"elementor-element elementor-element-51bd15c elementor-widget elementor-widget-text-editor\" data-id=\"51bd15c\" data-element_type=\"widget\" data-settings=\"{&quot;ekit_we_effect_on&quot;:&quot;none&quot;}\" data-widget_type=\"text-editor.default\">\n\t\t\t\t<div class=\"elementor-widget-container\">\n\t\t\t\t\t\t\t<p class=\"red bold reset-pad\"><span style=\"color: #ca1f27;\"><strong>Ekspansja do mi\u0119dzynarodowych us\u0142ug transportowych<\/strong><\/span><\/p><p class=\"text-margin black\">Nasza pasja do transportu spowodowa\u0142a ekspansj\u0119 do mi\u0119dzynarodowych us\u0142ug transportowych z w\u0142asn\u0105 flot\u0105. Ci\u0105g\u0142y rozw\u00f3j prowadzi do mo\u017cliwo\u015bci realizacji wi\u0119kszych projekt\u00f3w i stawienia czo\u0142a wi\u0119kszym wyzwaniom. Systematycznie zwi\u0119kszamy i modernizujemy nasz\u0105 flot\u0119.<\/p>\t\t\t\t\t\t<\/div>\n\t\t\t\t<\/div>\n\t\t\t\t<div class=\"elementor-element elementor-element-e992df5 elementor-widget elementor-widget-text-editor\" data-id=\"e992df5\" data-element_type=\"widget\" data-settings=\"{&quot;ekit_we_effect_on&quot;:&quot;none&quot;}\" data-widget_type=\"text-editor.default\">\n\t\t\t\t<div class=\"elementor-widget-container\">\n\t\t\t\t\t\t\t<p class=\"red bold reset-pad\"><span style=\"color: #ca1f27;\"><strong>150 w\u0142asnych jednostek transportowych<\/strong><\/span><\/p><p class=\"black\">Od pocz\u0105tku posiadamy wszystkie wymagane uprawnienia i licencje. Koncentrujemy si\u0119 na sukcesie naszej firmy i naszych Partner\u00f3w Biznesowych. Wychodz\u0105c naprzeciw oczekiwaniom oferujemy szerok\u0105 gam\u0119 pakiet\u00f3w us\u0142ugowych dla transportu i spedycji.<\/p><p class=\"black\">Niew\u0105tpliw\u0105 zalet\u0105 jest dynamiczny rozw\u00f3j, kt\u00f3remu towarzyszy r\u00f3wnie\u017c rozw\u00f3j naszych Partner\u00f3w Biznesowych oraz wzajemne wsparcie we wszystkich trudnych procesach decyzyjnych.<\/p><p class=\"black\">Trans Poland to szybko\u015b\u0107, solidno\u015b\u0107, wysoka elastyczno\u015b\u0107, nowoczesna flota i oczywi\u015bcie oddany personel. Wszystkie te elementy s\u0105 niezb\u0119dne, aby sprosta\u0107 oczekiwaniom szybko rozwijaj\u0105cego si\u0119 rynku transportowego. Korzystamy z nowoczesnych narz\u0119dzi, dzi\u0119ki czemu nasi klienci zawsze s\u0105 \u015bwiadomi tego, co dzieje si\u0119 z ich towarami, a my dostarczamy informacje o transporcie w szybki i przejrzysty spos\u00f3b.<\/p>\t\t\t\t\t\t<\/div>\n\t\t\t\t<\/div>\n\t\t\t\t<\/div>\n\t\t\t\t\t<\/div>\n\t\t\t\t<\/div>\n\t\t<div class=\"elementor-element elementor-element-1f25785 e-con-full elementor-hidden-desktop elementor-hidden-tablet elementor-hidden-mobile e-flex e-con e-parent\" data-id=\"1f25785\" data-element_type=\"container\">\n\t\t<div class=\"elementor-element elementor-element-eff5d55 e-flex e-con-boxed e-con e-child\" data-id=\"eff5d55\" data-element_type=\"container\">\n\t\t\t\t\t<div class=\"e-con-inner\">\n\t\t\t\t<div class=\"elementor-element elementor-element-4ab5097 elementor-position-left elementor-vertical-align-top elementor-widget elementor-widget-image-box\" data-id=\"4ab5097\" data-element_type=\"widget\" data-settings=\"{&quot;ekit_we_effect_on&quot;:&quot;none&quot;}\" data-widget_type=\"image-box.default\">\n\t\t\t\t<div class=\"elementor-widget-container\">\n\t\t\t<div class=\"elementor-image-box-wrapper\"><figure class=\"elementor-image-box-img\"><img loading=\"lazy\" decoding=\"async\" width=\"96\" height=\"96\" src=\"https:\/\/transpoland.com\/wp-content\/uploads\/2024\/11\/struktura-organizacyjna.webp\" class=\"attachment-full size-full wp-image-463\" alt=\"\" srcset=\"https:\/\/transpoland.com\/wp-content\/uploads\/2024\/11\/struktura-organizacyjna.webp 96w, https:\/\/transpoland.com\/wp-content\/uploads\/2024\/11\/struktura-organizacyjna-12x12.webp 12w\" sizes=\"(max-width: 96px) 100vw, 96px\" \/><\/figure><div class=\"elementor-image-box-content\"><h3 class=\"elementor-image-box-title\">Struktura organizacyjna<\/h3><p class=\"elementor-image-box-description\"><p>Zesp\u00f3\u0142 logistyczny Trans Poland jest zaanga\u017cowany w ka\u017cde zlecenie transportowe. Nic nie jest niemo\u017cliwe \u2013 nasz\u0105 zasad\u0105 jest elastyczno\u015b\u0107, solidno\u015b\u0107 i terminowo\u015b\u0107 wdro\u017cenia, co daje gwarancj\u0119 bezpiecze\u0144stwa towar\u00f3w i terminowo\u015bci dostaw. Dla nas TRANSPOLAND to nie tylko praca \u2013 to pasja do rozwoju naszej firmy, to empatia dla naszych klient\u00f3w w ka\u017cdym dniu ich \u017cycia biznesowego. Skupiamy si\u0119 tak\u017ce na sukcesie ka\u017cdej nowej inwestycji.\n<\/p>\n<p>\nDla nas wszystkich, kt\u00f3rzy s\u0105 cz\u0119\u015bci\u0105 Trans Poland \u2013 bez wzgl\u0119du na zajmowane stanowisko \u2013 praca oznacza ogromne wyzwanie, ale tak\u017ce czerpanie satysfakcji z tego, co robimy. Ka\u017cdego dnia radzimy sobie z wyzwaniami wsp\u00f3\u0142czesnego \u015bwiata logistyki. Zesp\u00f3\u0142 setek pracownik\u00f3w koncentruje si\u0119 na codziennej realizacji zada\u0144. Dbamy o to, aby nasz zesp\u00f3\u0142 by\u0142 wysoko wykwalifikowany, dlatego bierzemy udzia\u0142 w regularnych szkoleniach, dzi\u0119ki kt\u00f3rym \u015bwiadczymy nasze us\u0142ugi na najwy\u017cszym poziomie.\n<\/p>\nNasza firma ma w\u0142asn\u0105 baz\u0119 wyposa\u017con\u0105 w warsztaty naprawcze i urz\u0105dzenia do mycia samochod\u00f3w ci\u0119\u017carowych w centralnej cz\u0119\u015bci Polski. Dzi\u0119ki temu mo\u017cemy systematycznie przeprowadza\u0107 kontrole ci\u0119\u017car\u00f3wek w celu zminimalizowania ryzyka niesprawno\u015bci pojazd\u00f3w. Wszystkie procesy decyzyjne podejmowane s\u0105 z naszego biura w \u017byrardowie, zlokalizowanego pomi\u0119dzy \u0141odzi\u0105 a Warszaw\u0105.\n\nZ zaanga\u017cowaniem realizujemy nasze zadania, poniewa\u017c nic nie nap\u0119dza nas tak bardzo jak sukces i satysfakcja naszych Klient\u00f3w. Pozytywne rekomendacje od firm, z kt\u00f3rymi wsp\u00f3\u0142pracujemy potwierdzaj\u0105 jako\u015b\u0107 naszej pracy. Nie ma nic bardziej stymuluj\u0105cego do dzia\u0142ania.<\/p><\/div><\/div>\t\t<\/div>\n\t\t\t\t<\/div>\n\t\t\t\t\t<\/div>\n\t\t\t\t<\/div>\n\t\t\t\t<\/div>\n\t\t\t\t<\/div>\n\t\t","protected":false},"excerpt":{"rendered":"<p>JU\u017b 10 LAT RAZEM Od pocz\u0105tku istnienia naszej firmy w pe\u0142ni zaanga\u017cowania pracujemy na sukces naszych wymagaj\u0105cych Klient\u00f3w. Wychodz\u0105c naprzeciw ich oczekiwaniom, oferujemy pe\u0142en wachlarz us\u0142ug transportowych i spedycyjnych. Dla nas to nie tylko praca. To pasja, z jak\u0105 rozwijamy nasz\u0105 firm\u0119. To empatia, kt\u00f3r\u0105 obdarzamy naszych klient\u00f3w w codziennym brutalnym \u017cyciu gospodarczym. To tak\u017ce [&hellip;]<\/p>\n","protected":false},"author":1,"featured_media":0,"parent":0,"menu_order":0,"comment_status":"closed","ping_status":"closed","template":"elementor_header_footer","meta":{"footnotes":""},"class_list":["post-72","page","type-page","status-publish","hentry"],"_links":{"self":[{"href":"https:\/\/transpoland.com\/pl\/wp-json\/wp\/v2\/pages\/72"}],"collection":[{"href":"https:\/\/transpoland.com\/pl\/wp-json\/wp\/v2\/pages"}],"about":[{"href":"https:\/\/transpoland.com\/pl\/wp-json\/wp\/v2\/types\/page"}],"author":[{"embeddable":true,"href":"https:\/\/transpoland.com\/pl\/wp-json\/wp\/v2\/users\/1"}],"replies":[{"embeddable":true,"href":"https:\/\/transpoland.com\/pl\/wp-json\/wp\/v2\/comments?post=72"}],"version-history":[{"count":59,"href":"https:\/\/transpoland.com\/pl\/wp-json\/wp\/v2\/pages\/72\/revisions"}],"predecessor-version":[{"id":627,"href":"https:\/\/transpoland.com\/pl\/wp-json\/wp\/v2\/pages\/72\/revisions\/627"}],"wp:attachment":[{"href":"https:\/\/transpoland.com\/pl\/wp-json\/wp\/v2\/media?parent=72"}],"curies":[{"name":"wp","href":"https:\/\/api.w.org\/{rel}","templated":true}]}}